{"id":1573,"date":"2020-06-03T13:52:18","date_gmt":"2020-06-03T13:52:18","guid":{"rendered":"http:\/\/web.digitalexpansion.com.ar\/?page_id=1573"},"modified":"2022-04-28T17:40:35","modified_gmt":"2022-04-28T17:40:35","slug":"productos","status":"publish","type":"page","link":"http:\/\/web.digitalexpansion.com.ar\/?page_id=1573","title":{"rendered":"PRODUCTOS"},"content":{"rendered":"<h3 style=\"text-align: center;\">Contamos con un amplio portfolio de productos de marcas l\u00edderes del mercado dentro del cual encontraremos una soluci\u00f3n a medida de las necesidades de su empresa trabajando en un entorno de evoluci\u00f3n constante desarrollando proyectos que conjugan la calidad de nuestros productos y el conocimiento de nuestro staff.<\/h3>\n<p>&nbsp;<\/p>\n<h2 style=\"text-align: center;\"><span style=\"color: #3366ff;\"><strong>SERVIDORES<\/strong><\/span><\/h2>\n<p style=\"text-align: center;\">Impulsa tu empresa con un servidor que satisface tus necesidades. Reduce costos y complejidad mediante la inversi\u00f3n en un sistema que gestiona la carga. Reduce costos y complejidad mediante la inversi\u00f3n en un sistema que gestiona la carga de trabajo diaria y se expande para adaptarse al crecimiento futuro<\/p>\n<p style=\"text-align: center;\"><div class=\"row-fluid\"><div class=\"grid-half\"><a class=\"button no-border\" href=\"http:\/\/web.digitalexpansion.com.ar\/?page_id=1685\">IBM BUSINESS PARTNER<\/a><\/p>\n<p style=\"text-align: center;\"><img loading=\"lazy\" decoding=\"async\" class=\"alignleft wp-image-1706 \" src=\"http:\/\/web.digitalexpansion.com.ar\/wp-content\/uploads\/2022\/04\/IBM-LOGO.jpg\" alt=\"\" width=\"186\" height=\"103\" \/><\/p>\n<h5><em><span style=\"color: #333399;\"><strong><a class=\"button no-border\" style=\"color: #333399;\" href=\"http:\/\/web.digitalexpansion.com.ar\/?page_id=1685\">VER LINEA COMPLETA\u00a0 &gt;<\/a><\/strong><\/span><\/em><\/h5>\n<p style=\"text-align: center;\"><\/div><div class=\"grid-half \"><a class=\"button no-border\" href=\"http:\/\/web.digitalexpansion.com.ar\/?page_id=1713\">LENOVO BUSINESS PARTNER<\/a><\/p>\n<p style=\"text-align: center;\"><a href=\"http:\/\/web.digitalexpansion.com.ar\/?page_id=1713\"><img loading=\"lazy\" decoding=\"async\" class=\"alignnone wp-image-1707\" src=\"http:\/\/web.digitalexpansion.com.ar\/wp-content\/uploads\/2022\/04\/lenovo-partner.png\" alt=\"\" width=\"229\" height=\"95\" srcset=\"http:\/\/web.digitalexpansion.com.ar\/wp-content\/uploads\/2022\/04\/lenovo-partner.png 400w, http:\/\/web.digitalexpansion.com.ar\/wp-content\/uploads\/2022\/04\/lenovo-partner-300x125.png 300w, http:\/\/web.digitalexpansion.com.ar\/wp-content\/uploads\/2022\/04\/lenovo-partner-260x108.png 260w\" sizes=\"auto, (max-width: 229px) 100vw, 229px\" \/><\/a><\/p>\n<h5><em><span style=\"color: #333399;\"><strong><a class=\"button no-border\" style=\"color: #333399;\" href=\"http:\/\/web.digitalexpansion.com.ar\/?page_id=1713\">VER LINEA COMPLETA\u00a0 &gt;<\/a><\/strong><\/span><\/em><\/h5>\n<p style=\"text-align: center;\"><\/div><\/div>\n<p>&nbsp;<\/p>\n<p>&nbsp;<\/p>\n<p><img loading=\"lazy\" decoding=\"async\" class=\"alignleft wp-image-1872 size-full\" src=\"http:\/\/web.digitalexpansion.com.ar\/wp-content\/uploads\/2022\/04\/servidor.png\" alt=\"\" width=\"1024\" height=\"256\" srcset=\"http:\/\/web.digitalexpansion.com.ar\/wp-content\/uploads\/2022\/04\/servidor.png 1024w, http:\/\/web.digitalexpansion.com.ar\/wp-content\/uploads\/2022\/04\/servidor-300x75.png 300w, http:\/\/web.digitalexpansion.com.ar\/wp-content\/uploads\/2022\/04\/servidor-768x192.png 768w, http:\/\/web.digitalexpansion.com.ar\/wp-content\/uploads\/2022\/04\/servidor-260x65.png 260w\" sizes=\"auto, (max-width: 1024px) 100vw, 1024px\" \/><\/p>\n<p>&nbsp;<\/p>\n<hr \/>\n<p>&nbsp;<\/p>\n<p>&nbsp;<\/p>\n<h2 style=\"text-align: center;\"><span style=\"color: #3366ff;\"><strong>STORAGE<\/strong><\/span><\/h2>\n<p style=\"text-align: center;\">Descubra nuestras opciones de almacenamiento de datos<\/p>\n<p style=\"text-align: center;\">Para realmente optimizar su almacenamiento empresarial, es importante tener un enfoque integral y resiliente para un sistema h\u00edbrido multinube. Uno que reduzca los costos y no dependa \u00fanicamente de una nube, que se integre y se adapte bien a sus soluciones actuales, todo al tiempo que simplifica la creaci\u00f3n de contenedores, la gesti\u00f3n, el almacenamiento definido por software y la protecci\u00f3n de datos modernos.<\/p>\n<p style=\"text-align: center;\"><div class=\"row-fluid\"><div class=\"grid-half\"><strong><span style=\"color: #3366ff;\"><a class=\"button no-border\" style=\"color: #3366ff;\" href=\"http:\/\/web.digitalexpansion.com.ar\/?page_id=1778\">IBM BUSINESS PARTNER<\/a><\/span><\/strong><\/p>\n<p style=\"text-align: center;\"><a href=\"http:\/\/web.digitalexpansion.com.ar\/?page_id=1778\"><img loading=\"lazy\" decoding=\"async\" class=\"alignnone wp-image-1706\" src=\"http:\/\/web.digitalexpansion.com.ar\/wp-content\/uploads\/2022\/04\/IBM-LOGO.jpg\" alt=\"\" width=\"184\" height=\"102\" \/><\/a><\/p>\n<h5><em><span style=\"color: #333399;\"><strong><a class=\"button no-border\" style=\"color: #333399;\" href=\"http:\/\/web.digitalexpansion.com.ar\/?page_id=1778\">VER LINEA COMPLETA\u00a0 &gt;<\/a><\/strong><\/span><\/em><\/h5>\n<p style=\"text-align: center;\"><\/div><div class=\"grid-half \"><strong><span style=\"color: #3366ff;\"><a class=\"button no-border\" style=\"color: #3366ff;\" href=\"http:\/\/web.digitalexpansion.com.ar\/?page_id=1801\">LENOVO BUSINESS PARTNER<\/a><\/span><\/strong><\/p>\n<p style=\"text-align: center;\"><a href=\"http:\/\/web.digitalexpansion.com.ar\/?page_id=1801\"><img loading=\"lazy\" decoding=\"async\" class=\"alignnone wp-image-1707\" src=\"http:\/\/web.digitalexpansion.com.ar\/wp-content\/uploads\/2022\/04\/lenovo-partner.png\" alt=\"\" width=\"229\" height=\"95\" srcset=\"http:\/\/web.digitalexpansion.com.ar\/wp-content\/uploads\/2022\/04\/lenovo-partner.png 400w, http:\/\/web.digitalexpansion.com.ar\/wp-content\/uploads\/2022\/04\/lenovo-partner-300x125.png 300w, http:\/\/web.digitalexpansion.com.ar\/wp-content\/uploads\/2022\/04\/lenovo-partner-260x108.png 260w\" sizes=\"auto, (max-width: 229px) 100vw, 229px\" \/><\/a><\/p>\n<h5><em><span style=\"color: #333399;\"><strong><a class=\"button no-border\" style=\"color: #333399;\" href=\"http:\/\/web.digitalexpansion.com.ar\/?page_id=1801\">VER LINEA COMPLETA\u00a0 &gt;<\/a><\/strong><\/span><\/em><\/h5>\n<p style=\"text-align: center;\"><\/div><\/div>\n<p>&nbsp;<\/p>\n<p><img loading=\"lazy\" decoding=\"async\" class=\"alignleft wp-image-1873 size-full\" src=\"http:\/\/web.digitalexpansion.com.ar\/wp-content\/uploads\/2022\/04\/00-sotarage.png\" alt=\"\" width=\"1024\" height=\"256\" srcset=\"http:\/\/web.digitalexpansion.com.ar\/wp-content\/uploads\/2022\/04\/00-sotarage.png 1024w, http:\/\/web.digitalexpansion.com.ar\/wp-content\/uploads\/2022\/04\/00-sotarage-300x75.png 300w, http:\/\/web.digitalexpansion.com.ar\/wp-content\/uploads\/2022\/04\/00-sotarage-768x192.png 768w, http:\/\/web.digitalexpansion.com.ar\/wp-content\/uploads\/2022\/04\/00-sotarage-260x65.png 260w\" sizes=\"auto, (max-width: 1024px) 100vw, 1024px\" \/><\/p>\n","protected":false},"excerpt":{"rendered":"<p>Contamos con un amplio portfolio de productos de marcas l\u00edderes del mercado dentro del cual encontraremos una soluci\u00f3n a medida de las necesidades de su empresa trabajando en un entorno de evoluci\u00f3n constante desarrollando proyectos que conjugan la calidad de nuestros productos y el conocimiento de nuestro staff. &nbsp; SERVIDORES Impulsa tu empresa con un<\/p>\n","protected":false},"author":2,"featured_media":0,"parent":0,"menu_order":0,"comment_status":"closed","ping_status":"closed","template":"page_fullwidth.php","meta":{"_acf_changed":false,"inline_featured_image":false,"footnotes":""},"class_list":["post-1573","page","type-page","status-publish","hentry"],"acf":[],"_links":{"self":[{"href":"http:\/\/web.digitalexpansion.com.ar\/index.php?rest_route=\/wp\/v2\/pages\/1573","targetHints":{"allow":["GET"]}}],"collection":[{"href":"http:\/\/web.digitalexpansion.com.ar\/index.php?rest_route=\/wp\/v2\/pages"}],"about":[{"href":"http:\/\/web.digitalexpansion.com.ar\/index.php?rest_route=\/wp\/v2\/types\/page"}],"author":[{"embeddable":true,"href":"http:\/\/web.digitalexpansion.com.ar\/index.php?rest_route=\/wp\/v2\/users\/2"}],"replies":[{"embeddable":true,"href":"http:\/\/web.digitalexpansion.com.ar\/index.php?rest_route=%2Fwp%2Fv2%2Fcomments&post=1573"}],"version-history":[{"count":33,"href":"http:\/\/web.digitalexpansion.com.ar\/index.php?rest_route=\/wp\/v2\/pages\/1573\/revisions"}],"predecessor-version":[{"id":1940,"href":"http:\/\/web.digitalexpansion.com.ar\/index.php?rest_route=\/wp\/v2\/pages\/1573\/revisions\/1940"}],"wp:attachment":[{"href":"http:\/\/web.digitalexpansion.com.ar\/index.php?rest_route=%2Fwp%2Fv2%2Fmedia&parent=1573"}],"curies":[{"name":"wp","href":"https:\/\/api.w.org\/{rel}","templated":true}]}}