{"id":1713,"date":"2022-04-11T18:39:31","date_gmt":"2022-04-11T18:39:31","guid":{"rendered":"http:\/\/web.digitalexpansion.com.ar\/?page_id=1713"},"modified":"2022-04-11T20:31:46","modified_gmt":"2022-04-11T20:31:46","slug":"lenovo","status":"publish","type":"page","link":"http:\/\/web.digitalexpansion.com.ar\/?page_id=1713","title":{"rendered":"SERVIDORES LENOVO"},"content":{"rendered":"<h3>Infraestructura de TI en la que puedes confiar<\/h3>\n<h4 id=\"ibm-pagetitle-h1\" class=\"ibm-h1 ibm-textcolor-white-core ibm-padding-bottom-0 ibm-padding-top-1 leadspace-mobile-text-color leadspace-mobile-bg-color\">Por octavo a\u00f1o consecutivo, los servidores ThinkSystem de Lenovo obtuvieron la m\u00e1xima calificaci\u00f3n en fiabilidad y tiempo de actividad entre todas las plataformas basadas en Intel x86 en la encuesta global de fiabilidad del hardware del sistema operativo y del servidor 2020 de ITIC.<\/h4>\n<p><img loading=\"lazy\" decoding=\"async\" class=\"alignleft  wp-image-1707\" src=\"http:\/\/web.digitalexpansion.com.ar\/wp-content\/uploads\/2022\/04\/lenovo-partner.png\" alt=\"\" width=\"282\" height=\"117\" srcset=\"http:\/\/web.digitalexpansion.com.ar\/wp-content\/uploads\/2022\/04\/lenovo-partner.png 400w, http:\/\/web.digitalexpansion.com.ar\/wp-content\/uploads\/2022\/04\/lenovo-partner-300x125.png 300w, http:\/\/web.digitalexpansion.com.ar\/wp-content\/uploads\/2022\/04\/lenovo-partner-260x108.png 260w\" sizes=\"auto, (max-width: 282px) 100vw, 282px\" \/><\/p>\n<p>&nbsp;<\/p>\n","protected":false},"excerpt":{"rendered":"<p>Infraestructura de TI en la que puedes confiar Por octavo a\u00f1o consecutivo, los servidores ThinkSystem de Lenovo obtuvieron la m\u00e1xima calificaci\u00f3n en fiabilidad y tiempo de actividad entre todas las plataformas basadas en Intel x86 en la encuesta global de fiabilidad del hardware del sistema operativo y del servidor 2020 de ITIC. &nbsp;<\/p>\n","protected":false},"author":2,"featured_media":0,"parent":0,"menu_order":0,"comment_status":"closed","ping_status":"closed","template":"page_staff.php","meta":{"_acf_changed":false,"inline_featured_image":false,"footnotes":""},"class_list":["post-1713","page","type-page","status-publish","hentry"],"acf":[],"_links":{"self":[{"href":"http:\/\/web.digitalexpansion.com.ar\/index.php?rest_route=\/wp\/v2\/pages\/1713","targetHints":{"allow":["GET"]}}],"collection":[{"href":"http:\/\/web.digitalexpansion.com.ar\/index.php?rest_route=\/wp\/v2\/pages"}],"about":[{"href":"http:\/\/web.digitalexpansion.com.ar\/index.php?rest_route=\/wp\/v2\/types\/page"}],"author":[{"embeddable":true,"href":"http:\/\/web.digitalexpansion.com.ar\/index.php?rest_route=\/wp\/v2\/users\/2"}],"replies":[{"embeddable":true,"href":"http:\/\/web.digitalexpansion.com.ar\/index.php?rest_route=%2Fwp%2Fv2%2Fcomments&post=1713"}],"version-history":[{"count":6,"href":"http:\/\/web.digitalexpansion.com.ar\/index.php?rest_route=\/wp\/v2\/pages\/1713\/revisions"}],"predecessor-version":[{"id":1759,"href":"http:\/\/web.digitalexpansion.com.ar\/index.php?rest_route=\/wp\/v2\/pages\/1713\/revisions\/1759"}],"wp:attachment":[{"href":"http:\/\/web.digitalexpansion.com.ar\/index.php?rest_route=%2Fwp%2Fv2%2Fmedia&parent=1713"}],"curies":[{"name":"wp","href":"https:\/\/api.w.org\/{rel}","templated":true}]}}