{"id":1882,"date":"2022-04-28T16:48:49","date_gmt":"2022-04-28T16:48:49","guid":{"rendered":"http:\/\/web.digitalexpansion.com.ar\/?page_id=1882"},"modified":"2022-04-28T17:31:55","modified_gmt":"2022-04-28T17:31:55","slug":"servidores-ibm-power10","status":"publish","type":"page","link":"http:\/\/web.digitalexpansion.com.ar\/?page_id=1882","title":{"rendered":"Servidores IBM power systems"},"content":{"rendered":"<div class=\"ibm-duo-heading__headline ibm-grid-col-sm-4-4 ibm-grid-col-md-8-6 ibm-grid-col-lg-16-8 ibm-grid-col-seamless ibm-mb-3 ani-reveal ani-fadeInUp\">\n<h3 style=\"text-align: center;\">Servidores IBM Power10<\/h3>\n<p style=\"text-align: center;\"><strong><span style=\"font-size: 16px;\">Dise\u00f1ados para ofrecer agilidad empresarial, protecci\u00f3n de datos con seguridad continua y acelerar tanto los insights como la automatizaci\u00f3n, para proporcionar una experiencia de nube h\u00edbrida sin fricciones.<\/span><\/strong><\/p>\n<\/div>\n<div class=\"ibm-duo-heading__subhead ibm-grid-col-sm-4-3 ibm-grid-col-md-8-8 ibm-grid-col-lg-16-12 ibm-grid-col-seamless ibm-mt-3 ibm-mb-3 ani-reveal ani-fadeInUp\">\n<p style=\"text-align: center;\"><img loading=\"lazy\" decoding=\"async\" class=\"wp-image-1883 alignleft\" src=\"http:\/\/web.digitalexpansion.com.ar\/wp-content\/uploads\/2022\/04\/IBM-Power10-1024x819.jpeg\" alt=\"\" width=\"466\" height=\"373\" srcset=\"http:\/\/web.digitalexpansion.com.ar\/wp-content\/uploads\/2022\/04\/IBM-Power10-1024x819.jpeg 1024w, http:\/\/web.digitalexpansion.com.ar\/wp-content\/uploads\/2022\/04\/IBM-Power10-300x240.jpeg 300w, http:\/\/web.digitalexpansion.com.ar\/wp-content\/uploads\/2022\/04\/IBM-Power10-768x614.jpeg 768w, http:\/\/web.digitalexpansion.com.ar\/wp-content\/uploads\/2022\/04\/IBM-Power10-250x200.jpeg 250w, http:\/\/web.digitalexpansion.com.ar\/wp-content\/uploads\/2022\/04\/IBM-Power10.jpeg 1280w\" sizes=\"auto, (max-width: 466px) 100vw, 466px\" \/><\/p>\n<p style=\"text-align: left;\"><span style=\"color: #0000ff;\"><strong>IBM Power10<\/strong><\/span> es extremadamente confiable y seguro, reforzado para desempe\u00f1arse en entornos exigentes y es confiable para modernizar las operaciones empresariales m\u00e1s importantes y las aplicaciones de IA.<\/p>\n<p style=\"text-align: left;\">Protege contra amenazas cibern\u00e9ticas sin interrumpir el negocio.<\/p>\n<p style=\"text-align: left;\">Soporta m\u00e1s cargas de trabajo, la misma energ\u00eda, menos infraestructura, con un 25 % m\u00e1s de tiempo de actividad que los sistemas de la competencia.<\/p>\n<p style=\"text-align: left;\">Permite cambiar sin problemas las cargas de trabajo entre locales a la nube y pagar por lo que se utiliza.<\/p>\n<p style=\"text-align: left;\">Lleva la IA al punto de los datos con inferencia incorporada.<\/p>\n<p style=\"text-align: center;\"><strong><u>Beneficios:<\/u><\/strong><\/p>\n<p style=\"text-align: left;\">&#8211; Seguridad del n\u00facleo a la nube: con el cifrado en memoria en el procesador, Power10 permite proteger los datos en tr\u00e1nsito y en reposo<\/p>\n<p style=\"text-align: left;\">&#8211; Capacidad de recuperaci\u00f3n l\u00edder en la industria: Power10 puede detectar, aislar y recuperarse de errores leves en el hardware sin interrumpir el servicio<\/p>\n<p style=\"text-align: left;\">&#8211; Computaci\u00f3n escalable y sustentable: IBM Power10 permite mayor control en las implementaciones y el consumo, mientras ofrece un 50% m\u00e1s de capacidad de c\u00e1lculo que Power9 con la misma utilizaci\u00f3n de energ\u00eda<\/p>\n<p style=\"text-align: left;\">&#8211; IA preparada para la producci\u00f3n: permite obtener insights empresariales m\u00e1s r\u00e1pido y eliminar riesgos de seguridad asociados al movimiento de datos, llevando la inteligencia artificial al lugar donde \u00e9stos se encuentran<\/p>\n<h3 style=\"text-align: left;\"><\/h3>\n<h3 style=\"text-align: left;\"><span style=\"color: #000080;\">Nuevo servidor IBM Power E1080<\/span><\/h3>\n<p style=\"text-align: left;\"><span style=\"color: #0000ff;\"><strong>IBM Power\u00ae E1080<\/strong><\/span> es la plataforma de servidor m\u00e1s segura y confiable de su clase, mejorada con cifrado de memoria transparente, escalado eficiente e insights m\u00e1s r\u00e1pidos con IA preparada para la producci\u00f3n en el punto de datos. Ofrece una disponibilidad de m\u00e1s de cinco nueves (99.999 %) con un 25 % menos de tiempo de inactividad que los sistemas comparables, adem\u00e1s de reducir los costos, la complejidad y la huella de carbono.<\/p>\n<p style=\"text-align: left;\">&#8211; Dise\u00f1ado para escalar de forma segura las aplicaciones m\u00e1s importantes de la empresa.<\/p>\n<p style=\"text-align: left;\">&#8211; Simplifica la protecci\u00f3n de la nube h\u00edbrida sin afectar el rendimiento.<\/p>\n<p style=\"text-align: left;\">&#8211; Puede entregar hasta un 30 % m\u00e1s de rendimiento por n\u00facleo y m\u00e1s de un 50 % m\u00e1s de rendimiento de socket y sistema. Permite ahorrar 1\/3 de la energ\u00eda necesaria para dar soporte a entornos cr\u00edticos.<\/p>\n<p style=\"text-align: left;\">&#8211; Permite crear modelos en cualquier lugar con ONNX, ejecute Python\u00ae y codificar con Tensorflow, PyTorch o XGBoost.<\/p>\n<p style=\"text-align: left;\">&#8211; Sistemas operativos soportados: AIX, IBM i, LINUX<\/p>\n<\/div>\n","protected":false},"excerpt":{"rendered":"<p>Servidores IBM Power10 Dise\u00f1ados para ofrecer agilidad empresarial, protecci\u00f3n de datos con seguridad continua y acelerar tanto los insights como la automatizaci\u00f3n, para proporcionar una experiencia de nube h\u00edbrida sin fricciones. IBM Power10 es extremadamente confiable y seguro, reforzado para desempe\u00f1arse en entornos exigentes y es confiable para modernizar las operaciones empresariales m\u00e1s importantes y<\/p>\n","protected":false},"author":2,"featured_media":0,"parent":0,"menu_order":0,"comment_status":"closed","ping_status":"closed","template":"","meta":{"_acf_changed":false,"inline_featured_image":false,"footnotes":""},"class_list":["post-1882","page","type-page","status-publish","hentry"],"acf":[],"_links":{"self":[{"href":"http:\/\/web.digitalexpansion.com.ar\/index.php?rest_route=\/wp\/v2\/pages\/1882","targetHints":{"allow":["GET"]}}],"collection":[{"href":"http:\/\/web.digitalexpansion.com.ar\/index.php?rest_route=\/wp\/v2\/pages"}],"about":[{"href":"http:\/\/web.digitalexpansion.com.ar\/index.php?rest_route=\/wp\/v2\/types\/page"}],"author":[{"embeddable":true,"href":"http:\/\/web.digitalexpansion.com.ar\/index.php?rest_route=\/wp\/v2\/users\/2"}],"replies":[{"embeddable":true,"href":"http:\/\/web.digitalexpansion.com.ar\/index.php?rest_route=%2Fwp%2Fv2%2Fcomments&post=1882"}],"version-history":[{"count":15,"href":"http:\/\/web.digitalexpansion.com.ar\/index.php?rest_route=\/wp\/v2\/pages\/1882\/revisions"}],"predecessor-version":[{"id":1934,"href":"http:\/\/web.digitalexpansion.com.ar\/index.php?rest_route=\/wp\/v2\/pages\/1882\/revisions\/1934"}],"wp:attachment":[{"href":"http:\/\/web.digitalexpansion.com.ar\/index.php?rest_route=%2Fwp%2Fv2%2Fmedia&parent=1882"}],"curies":[{"name":"wp","href":"https:\/\/api.w.org\/{rel}","templated":true}]}}