{"id":1971,"date":"2022-04-28T18:15:44","date_gmt":"2022-04-28T18:15:44","guid":{"rendered":"http:\/\/web.digitalexpansion.com.ar\/?page_id=1971"},"modified":"2022-04-28T18:15:44","modified_gmt":"2022-04-28T18:15:44","slug":"servidores-de-torre","status":"publish","type":"page","link":"http:\/\/web.digitalexpansion.com.ar\/?page_id=1971","title":{"rendered":"Servidores de torre"},"content":{"rendered":"<h3 style=\"text-align: center;\"><strong>Los servidores de torre Lenovo ofrecen un rendimiento potente y configuraciones de almacenamiento vers\u00e1tiles en un tama\u00f1o reducido para PYMES y grandes instituciones. Obt\u00e9n la fiabilidad que esperas del centro de datos en un dise\u00f1o optimizado para entornos de oficina.<\/strong><\/h3>\n<p>&nbsp;<\/p>\n<h3 style=\"text-align: center;\"><span style=\"color: #3366ff;\"><strong>CONFIABILIDAD DEL CENTRO DE DATOS. OPTIMIZADO PARA AMBIENTES DE OFICINA.<\/strong><\/span><\/h3>\n<p style=\"text-align: center;\">Los servidores torre de Lenovo ofrecen un rendimiento potente y configuraciones vers\u00e1tiles de almacenamiento en una diminuta superficie para peque\u00f1as, medianas y grandes instituciones o empresas. Obtenga la confiabilidad que espera de su centro de datos, entregada en un paquete optimizado para entornos de oficina.<\/p>\n<hr \/>\n<h3 style=\"text-align: center;\"><strong>ThinkSystem ST50<\/strong><\/h3>\n<p>ThinkSystem ST50 es una torre b\u00e1sica, compacta, accesible, optimizada para pymes, sucursales u oficinas remotas y peque\u00f1as oficinas dom\u00e9sticas.<\/p>\n<p><img loading=\"lazy\" decoding=\"async\" class=\"alignleft  wp-image-1972\" src=\"http:\/\/web.digitalexpansion.com.ar\/wp-content\/uploads\/2022\/04\/ThinkSystem-ST50.png\" alt=\"\" width=\"456\" height=\"395\" srcset=\"http:\/\/web.digitalexpansion.com.ar\/wp-content\/uploads\/2022\/04\/ThinkSystem-ST50.png 586w, http:\/\/web.digitalexpansion.com.ar\/wp-content\/uploads\/2022\/04\/ThinkSystem-ST50-300x260.png 300w, http:\/\/web.digitalexpansion.com.ar\/wp-content\/uploads\/2022\/04\/ThinkSystem-ST50-231x200.png 231w\" sizes=\"auto, (max-width: 456px) 100vw, 456px\" \/><\/p>\n<p>Caracter\u00edsticas<\/p>\n<ul>\n<li>El nuevo procesador Intel\u00ae Xeon\u00ae E-2200, hasta 6 n\u00facleos a 95 W<\/li>\n<li>Memoria m\u00e1s veloz TruDDR4 a 2666 MHz (4 x UDIMM; capacidad de 64 GB)<\/li>\n<li>4 x bah\u00edas HDD de 3,5 pulgadas compatibles con configuraciones h\u00edbridas HDD y SSD<\/li>\n<li>De f\u00e1cil configuraci\u00f3n, administraci\u00f3n de firmware y de servidor remoto con el nuevo Intel Active Management Technology<\/li>\n<li>Eficiencia energ\u00e9tica mejorada \u2013 80 PLUS Platinum<\/li>\n<li>Optional Lenovo XClarity Provisioning Manager (USB version)<\/li>\n<li>Formato de torre compacto<\/li>\n<li>Lenovo XClarity Provisioning Manager (versi\u00f3n USB) opcional<\/li>\n<\/ul>\n<p>&nbsp;<\/p>\n<hr \/>\n<p>&nbsp;<\/p>\n<h3 style=\"text-align: center;\"><strong>ThinkSystem ST250<\/strong><\/h3>\n<p>Un servidor ideal para peque\u00f1as y medianas empresas que buscan potencia a nivel empresarial en un formato de torre de f\u00e1cil administraci\u00f3n.<\/p>\n<p><img loading=\"lazy\" decoding=\"async\" class=\"alignleft  wp-image-1973\" src=\"http:\/\/web.digitalexpansion.com.ar\/wp-content\/uploads\/2022\/04\/ThinkSystem-ST250.png\" alt=\"\" width=\"454\" height=\"345\" srcset=\"http:\/\/web.digitalexpansion.com.ar\/wp-content\/uploads\/2022\/04\/ThinkSystem-ST250.png 672w, http:\/\/web.digitalexpansion.com.ar\/wp-content\/uploads\/2022\/04\/ThinkSystem-ST250-300x228.png 300w, http:\/\/web.digitalexpansion.com.ar\/wp-content\/uploads\/2022\/04\/ThinkSystem-ST250-120x90.png 120w, http:\/\/web.digitalexpansion.com.ar\/wp-content\/uploads\/2022\/04\/ThinkSystem-ST250-260x198.png 260w\" sizes=\"auto, (max-width: 454px) 100vw, 454px\" \/><\/p>\n<p>Caracter\u00edsticas<\/p>\n<ul>\n<li>El nuevo procesador Intel\u00ae Xeon\u00ae E-2200 de hasta 6 n\u00facleos<\/li>\n<li>Hasta 128 GB de memoria TruDDR4 a 2666 MHz<\/li>\n<li>Opciones flexibles de almacenamiento empresarial con hasta 16 bah\u00edas de disco duro de 2,5&#8243; Hot-Swap u 8 unidades de 3,5&#8243; Hot-Swap y Simple-Swap<\/li>\n<li>Administraci\u00f3n de sistemas integrado con Lenovo XClarity<\/li>\n<li>Chasis 4U con kit de montaje en rack opcional<\/li>\n<li>Un dise\u00f1o sin herramientas que facilita el automantenimiento<\/li>\n<\/ul>\n<p>&nbsp;<\/p>\n<hr \/>\n<h3><\/h3>\n<h3 style=\"text-align: center;\">ThinkSystem ST550<\/h3>\n<p>ThinkSystem ST550 es un servidor en torre 4U que ofrece el rendimiento y fiabilidad que esperas del centro de datos, en un conjunto optimizado para entornos de oficina.<\/p>\n<p><img loading=\"lazy\" decoding=\"async\" class=\"alignleft  wp-image-1974\" src=\"http:\/\/web.digitalexpansion.com.ar\/wp-content\/uploads\/2022\/04\/ThinkSystem-ST550.png\" alt=\"\" width=\"455\" height=\"421\" srcset=\"http:\/\/web.digitalexpansion.com.ar\/wp-content\/uploads\/2022\/04\/ThinkSystem-ST550.png 555w, http:\/\/web.digitalexpansion.com.ar\/wp-content\/uploads\/2022\/04\/ThinkSystem-ST550-300x278.png 300w, http:\/\/web.digitalexpansion.com.ar\/wp-content\/uploads\/2022\/04\/ThinkSystem-ST550-216x200.png 216w\" sizes=\"auto, (max-width: 455px) 100vw, 455px\" \/><\/p>\n<p>Caracter\u00edsticas<\/p>\n<ul>\n<li>Intel\u00ae Xeon\u00ae processor Scalable family<\/li>\n<li>Up to 2x Intel\u00ae Xeon\u00ae Platinum CPUs<\/li>\n<li>4U tower\/under-desk\/deskside\/rack-mount<\/li>\n<li>Hasta 768GB de memoria\/12 ranuras DIMM<\/li>\n<li>Up to 2 high-performance GPUs<\/li>\n<li>Lenovo AnyBay Soporte de unidades U.2\/SAS\/SATA<\/li>\n<\/ul>\n<p>&nbsp;<\/p>\n<hr \/>\n<h3 style=\"text-align: center;\"><\/h3>\n<h3 style=\"text-align: center;\"><strong>ThinkSystem ST650 V2<\/strong><\/h3>\n<p>El ThinkSystem ST650 V2 es un servidor en torre 4U de elevada capacidad que ofrece el rendimiento y fiabilidad que esperas del centro de datos, optimizado para entornos de oficina.<\/p>\n<p><img loading=\"lazy\" decoding=\"async\" class=\"alignleft size-full wp-image-1975\" src=\"http:\/\/web.digitalexpansion.com.ar\/wp-content\/uploads\/2022\/04\/ThinkSystem-ST650-v2.png\" alt=\"\" width=\"422\" height=\"513\" srcset=\"http:\/\/web.digitalexpansion.com.ar\/wp-content\/uploads\/2022\/04\/ThinkSystem-ST650-v2.png 422w, http:\/\/web.digitalexpansion.com.ar\/wp-content\/uploads\/2022\/04\/ThinkSystem-ST650-v2-247x300.png 247w, http:\/\/web.digitalexpansion.com.ar\/wp-content\/uploads\/2022\/04\/ThinkSystem-ST650-v2-165x200.png 165w\" sizes=\"auto, (max-width: 422px) 100vw, 422px\" \/><\/p>\n<p>Caracter\u00edsticas<\/p>\n<ul>\n<li>Hasta 2 procesadores Intel\u00ae Xeon\u00ae Scalable de tercera generaci\u00f3n<\/li>\n<li>Torre 4U bajo el escritorio\/junto al escritorio\/montado en rack<\/li>\n<li>Hasta 4 TB en 32 ranuras DIMM<\/li>\n<li>Hasta 8 GPU de ancho simple o 4 de ancho doble<\/li>\n<li>hasta 32 unidades HDD\/SSD de 2,5&#8243;<\/li>\n<li>Hasta 16 unidades SSD NVMe<\/li>\n<\/ul>\n","protected":false},"excerpt":{"rendered":"<p>Los servidores de torre Lenovo ofrecen un rendimiento potente y configuraciones de almacenamiento vers\u00e1tiles en un tama\u00f1o reducido para PYMES y grandes instituciones. Obt\u00e9n la fiabilidad que esperas del centro de datos en un dise\u00f1o optimizado para entornos de oficina. &nbsp; CONFIABILIDAD DEL CENTRO DE DATOS. OPTIMIZADO PARA AMBIENTES DE OFICINA. Los servidores torre de<\/p>\n","protected":false},"author":2,"featured_media":0,"parent":0,"menu_order":0,"comment_status":"closed","ping_status":"closed","template":"","meta":{"_acf_changed":false,"inline_featured_image":false,"footnotes":""},"class_list":["post-1971","page","type-page","status-publish","hentry"],"acf":[],"_links":{"self":[{"href":"http:\/\/web.digitalexpansion.com.ar\/index.php?rest_route=\/wp\/v2\/pages\/1971","targetHints":{"allow":["GET"]}}],"collection":[{"href":"http:\/\/web.digitalexpansion.com.ar\/index.php?rest_route=\/wp\/v2\/pages"}],"about":[{"href":"http:\/\/web.digitalexpansion.com.ar\/index.php?rest_route=\/wp\/v2\/types\/page"}],"author":[{"embeddable":true,"href":"http:\/\/web.digitalexpansion.com.ar\/index.php?rest_route=\/wp\/v2\/users\/2"}],"replies":[{"embeddable":true,"href":"http:\/\/web.digitalexpansion.com.ar\/index.php?rest_route=%2Fwp%2Fv2%2Fcomments&post=1971"}],"version-history":[{"count":2,"href":"http:\/\/web.digitalexpansion.com.ar\/index.php?rest_route=\/wp\/v2\/pages\/1971\/revisions"}],"predecessor-version":[{"id":1979,"href":"http:\/\/web.digitalexpansion.com.ar\/index.php?rest_route=\/wp\/v2\/pages\/1971\/revisions\/1979"}],"wp:attachment":[{"href":"http:\/\/web.digitalexpansion.com.ar\/index.php?rest_route=%2Fwp%2Fv2%2Fmedia&parent=1971"}],"curies":[{"name":"wp","href":"https:\/\/api.w.org\/{rel}","templated":true}]}}