{"id":1980,"date":"2022-04-28T18:17:34","date_gmt":"2022-04-28T18:17:34","guid":{"rendered":"http:\/\/web.digitalexpansion.com.ar\/?page_id=1980"},"modified":"2022-04-28T18:17:34","modified_gmt":"2022-04-28T18:17:34","slug":"servidores-edge","status":"publish","type":"page","link":"http:\/\/web.digitalexpansion.com.ar\/?page_id=1980","title":{"rendered":"Servidores Edge"},"content":{"rendered":"<p style=\"text-align: center;\"><strong>Dise\u00f1ado y construido teniendo en cuenta los requisitos exclusivos de los servidores Edge, es lo suficientemente vers\u00e1til como para ampliar las limitaciones de las ubicaciones de los servidores, proporcionando una variedad de opciones de conectividad y seguridad. Adem\u00e1s, se lo puede administrar f\u00e1cilmente con el controlador XClarity de Lenovo.<\/strong><\/p>\n<p>&nbsp;<\/p>\n<p style=\"text-align: center;\"><strong><span style=\"color: #3366ff;\">Servidores Edge especialmente dise\u00f1ados para IoT seguro, inform\u00e1tica y almacenamiento de Edge.<\/span><\/strong><\/p>\n<p>&nbsp;<\/p>\n<hr \/>\n<h3><\/h3>\n<h3 style=\"text-align: center;\"><strong>ThinkSystem SE350<\/strong><\/h3>\n<p>El ThinkSystem SE350 es una soluci\u00f3n de Edge de tama\u00f1o compacto y s\u00f3lido, cuyo foco es la conectividad, seguridad y administraci\u00f3n inteligente en los entornos m\u00e1s duros.<\/p>\n<p><img loading=\"lazy\" decoding=\"async\" class=\"alignleft  wp-image-1981\" src=\"http:\/\/web.digitalexpansion.com.ar\/wp-content\/uploads\/2022\/04\/ThinkSystem-SE350-Edge.png\" alt=\"\" width=\"423\" height=\"295\" srcset=\"http:\/\/web.digitalexpansion.com.ar\/wp-content\/uploads\/2022\/04\/ThinkSystem-SE350-Edge.png 723w, http:\/\/web.digitalexpansion.com.ar\/wp-content\/uploads\/2022\/04\/ThinkSystem-SE350-Edge-300x209.png 300w, http:\/\/web.digitalexpansion.com.ar\/wp-content\/uploads\/2022\/04\/ThinkSystem-SE350-Edge-260x181.png 260w\" sizes=\"auto, (max-width: 423px) 100vw, 423px\" \/><\/p>\n<p>Caracter\u00edsticas<\/p>\n<ul>\n<li>Formato compacto para entornos con espacio limitado.<\/li>\n<li>Seguridad del ciclo de vida de ThinkShield, protecci\u00f3n ante accesos f\u00edsicos y almacenamiento de cifrado clave.<\/li>\n<li>Capacidad completa de administraci\u00f3n remota.<\/li>\n<li>Conectividad simplificada con telefon\u00eda m\u00f3vil LTE y Wi-Fi.<\/li>\n<li>Ideal para entornos m\u00e1s duros con rangos de temperatura extendidos y gran tolerancia ante choques y vibraciones<\/li>\n<\/ul>\n<p>&nbsp;<\/p>\n<hr \/>\n<h3 style=\"text-align: center;\"><\/h3>\n<h3 style=\"text-align: center;\"><strong>ThinkEdge SE450 Edge AI<\/strong><\/h3>\n<p>El ThinkEdge SE450 es un servidor Edge AI robusto y compacto, con potencia de procesamiento reforzada, mayor seguridad y capacidad de gesti\u00f3n para entornos adversos.<\/p>\n<p><img loading=\"lazy\" decoding=\"async\" class=\"alignleft  wp-image-1982\" src=\"http:\/\/web.digitalexpansion.com.ar\/wp-content\/uploads\/2022\/04\/ThinkSystem-SE350-Edge-1.png\" alt=\"\" width=\"419\" height=\"292\" srcset=\"http:\/\/web.digitalexpansion.com.ar\/wp-content\/uploads\/2022\/04\/ThinkSystem-SE350-Edge-1.png 723w, http:\/\/web.digitalexpansion.com.ar\/wp-content\/uploads\/2022\/04\/ThinkSystem-SE350-Edge-1-300x209.png 300w, http:\/\/web.digitalexpansion.com.ar\/wp-content\/uploads\/2022\/04\/ThinkSystem-SE350-Edge-1-260x181.png 260w\" sizes=\"auto, (max-width: 419px) 100vw, 419px\" \/><\/p>\n<p>Caracter\u00edsticas<\/p>\n<ul>\n<li>Dise\u00f1ado con toda la potencia de procesamiento necesaria para cargas de trabajo de IA perimetral<\/li>\n<li>Factor de forma compacto y robusto para entornos con limitaciones de espacio<\/li>\n<li>Seguridad f\u00edsica mejorada con protecci\u00f3n contra manipulaciones f\u00edsicas, integridad del hardware con la tecnolog\u00eda TPM m\u00e1s reciente y protecci\u00f3n total de datos con opciones de almacenamiento autocifrado<\/li>\n<li>Opci\u00f3n de gesti\u00f3n completa fuera de banda desde una red inal\u00e1mbrica local o remota<\/li>\n<li>Servidor perimetral reforzado apto para entornos adversos con rango de temperaturas ampliado y una gran tolerancia a los golpes y las vibraciones<\/li>\n<li>Extremadamente silencioso para no interferir en el entorno del espacio de trabajo<\/li>\n<\/ul>\n","protected":false},"excerpt":{"rendered":"<p>Dise\u00f1ado y construido teniendo en cuenta los requisitos exclusivos de los servidores Edge, es lo suficientemente vers\u00e1til como para ampliar las limitaciones de las ubicaciones de los servidores, proporcionando una variedad de opciones de conectividad y seguridad. Adem\u00e1s, se lo puede administrar f\u00e1cilmente con el controlador XClarity de Lenovo. &nbsp; Servidores Edge especialmente dise\u00f1ados para<\/p>\n","protected":false},"author":2,"featured_media":0,"parent":0,"menu_order":0,"comment_status":"closed","ping_status":"closed","template":"","meta":{"_acf_changed":false,"inline_featured_image":false,"footnotes":""},"class_list":["post-1980","page","type-page","status-publish","hentry"],"acf":[],"_links":{"self":[{"href":"http:\/\/web.digitalexpansion.com.ar\/index.php?rest_route=\/wp\/v2\/pages\/1980","targetHints":{"allow":["GET"]}}],"collection":[{"href":"http:\/\/web.digitalexpansion.com.ar\/index.php?rest_route=\/wp\/v2\/pages"}],"about":[{"href":"http:\/\/web.digitalexpansion.com.ar\/index.php?rest_route=\/wp\/v2\/types\/page"}],"author":[{"embeddable":true,"href":"http:\/\/web.digitalexpansion.com.ar\/index.php?rest_route=\/wp\/v2\/users\/2"}],"replies":[{"embeddable":true,"href":"http:\/\/web.digitalexpansion.com.ar\/index.php?rest_route=%2Fwp%2Fv2%2Fcomments&post=1980"}],"version-history":[{"count":1,"href":"http:\/\/web.digitalexpansion.com.ar\/index.php?rest_route=\/wp\/v2\/pages\/1980\/revisions"}],"predecessor-version":[{"id":1985,"href":"http:\/\/web.digitalexpansion.com.ar\/index.php?rest_route=\/wp\/v2\/pages\/1980\/revisions\/1985"}],"wp:attachment":[{"href":"http:\/\/web.digitalexpansion.com.ar\/index.php?rest_route=%2Fwp%2Fv2%2Fmedia&parent=1980"}],"curies":[{"name":"wp","href":"https:\/\/api.w.org\/{rel}","templated":true}]}}