{"id":1986,"date":"2022-04-28T18:24:25","date_gmt":"2022-04-28T18:24:25","guid":{"rendered":"http:\/\/web.digitalexpansion.com.ar\/?page_id=1986"},"modified":"2022-04-28T18:24:25","modified_gmt":"2022-04-28T18:24:25","slug":"servidores-de-mision-critica","status":"publish","type":"page","link":"http:\/\/web.digitalexpansion.com.ar\/?page_id=1986","title":{"rendered":"Servidores de mision critica"},"content":{"rendered":"<p style=\"text-align: center;\"><strong>No sacrifiques el rendimiento para obtener una alta disponibilidad. Con los servidores de misi\u00f3n cr\u00edtica de Lenovo obtendr\u00e1s la mejor fiabilidad y tiempo de actividad de su clase con un rendimiento excepcional para las cargas de trabajo de tu empresa.<\/strong><\/p>\n<p style=\"text-align: center;\">\n<p style=\"text-align: center;\"><strong>Con los servidores de misi\u00f3n cr\u00edtica de Lenovo obtenga lo mejor en confiabilidad y tiempo de actividad con un rendimiento sorprendente para las cargas de trabajo que se ejecutan en su empresa.<\/strong><\/p>\n<p>&nbsp;<\/p>\n<hr \/>\n<h3><\/h3>\n<h3 style=\"text-align: center;\"><strong>ThinkSystem SR950 de Lenovo<\/strong><\/h3>\n<p>El exclusivo ThinkSystem SR950 modular 4U\/8P es un sistema escalable y resiliente con gran capacidad de memoria y almacenamiento capaz de ejecutar las cargas de trabajo m\u00e1s cruciales y las aplicaciones con mayor nivel de exigencia.<\/p>\n<p><img loading=\"lazy\" decoding=\"async\" class=\"alignleft  wp-image-1987\" src=\"http:\/\/web.digitalexpansion.com.ar\/wp-content\/uploads\/2022\/04\/ThinkSystem-SR950.png\" alt=\"\" width=\"544\" height=\"363\" srcset=\"http:\/\/web.digitalexpansion.com.ar\/wp-content\/uploads\/2022\/04\/ThinkSystem-SR950.png 722w, http:\/\/web.digitalexpansion.com.ar\/wp-content\/uploads\/2022\/04\/ThinkSystem-SR950-300x200.png 300w, http:\/\/web.digitalexpansion.com.ar\/wp-content\/uploads\/2022\/04\/ThinkSystem-SR950-260x174.png 260w\" sizes=\"auto, (max-width: 544px) 100vw, 544px\" \/><\/p>\n<p>Caracter\u00edsticas<\/p>\n<ul>\n<li>Hasta 8 procesadores Xeon\u00ae Platinum de segunda generaci\u00f3n<\/li>\n<li>Admite memoria persistente Intel\u00ae Optane&#x2122; DC<\/li>\n<li>Hasta 205 W \/ 28 n\u00facleos por procesador<\/li>\n<li>Servidor en rack 4U de la pr\u00f3xima generaci\u00f3n<\/li>\n<li>Hasta 24 TB en 96 ranuras DIMM<\/li>\n<li>Hasta 12 ranuras frontales para almacenamiento NVMe<\/li>\n<\/ul>\n<p>&nbsp;<\/p>\n<hr \/>\n<h3><\/h3>\n<h3 style=\"text-align: center;\"><strong>ThinkSystem SR860 V2<\/strong><\/h3>\n<p>El ThinkSystem SR860 V2 de 4U\/4P est\u00e1 dise\u00f1ado para ofrecer una excepcional relaci\u00f3n precio\/rendimiento con la capacidad de almacenamiento, GPU y memoria necesarias para crecer con su negocio.<\/p>\n<p><img loading=\"lazy\" decoding=\"async\" class=\"alignleft  wp-image-1989\" src=\"http:\/\/web.digitalexpansion.com.ar\/wp-content\/uploads\/2022\/04\/ThinkSystem-SR860-V2.png\" alt=\"\" width=\"549\" height=\"375\" srcset=\"http:\/\/web.digitalexpansion.com.ar\/wp-content\/uploads\/2022\/04\/ThinkSystem-SR860-V2.png 722w, http:\/\/web.digitalexpansion.com.ar\/wp-content\/uploads\/2022\/04\/ThinkSystem-SR860-V2-300x205.png 300w, http:\/\/web.digitalexpansion.com.ar\/wp-content\/uploads\/2022\/04\/ThinkSystem-SR860-V2-260x178.png 260w\" sizes=\"auto, (max-width: 549px) 100vw, 549px\" \/><\/p>\n<p>Caracter\u00edsticas<\/p>\n<ul>\n<li>Dos o cuatro CPU de la familia Intel\u00ae Xeon\u00ae Processor Scalable de tercera generaci\u00f3n, hasta 250W; topolog\u00eda de malla con 6 enlaces UPI<\/li>\n<li>Hasta 12 TB de memoria DDR4<\/li>\n<li>Admite la serie Intel\u00ae Optane&#x2122; Persistent Memory 200<\/li>\n<li>Hasta 48 unidades SAS\/SATA de 2,5\u201d + 2 unidades 7mm o M.2; hasta 24 unidades NVMe<\/li>\n<li>Hasta 14 slots de ampliaci\u00f3n PCIe + ranura OCP 3.0 dedicada<\/li>\n<li>Hasta 4 GPU de doble ancho 300W u 8 GPU de ancho simple 70W<\/li>\n<\/ul>\n<p>&nbsp;<\/p>\n<hr \/>\n<h3><\/h3>\n<h3 style=\"text-align: center;\"><strong>ThinkSystem SR860<\/strong><\/h3>\n<p>El ThinkSystem SR860 4U\/4P est\u00e1 dise\u00f1ado para ofrecer una relaci\u00f3n precio\/rendimiento y flexibilidad excepcionales, con la capacidad de almacenamiento, E\/S y memoria para crecer con las necesidades de su empresa.<\/p>\n<p><img loading=\"lazy\" decoding=\"async\" class=\"alignleft  wp-image-1990\" src=\"http:\/\/web.digitalexpansion.com.ar\/wp-content\/uploads\/2022\/04\/ThinkSystem-SR860.png\" alt=\"\" width=\"549\" height=\"367\" srcset=\"http:\/\/web.digitalexpansion.com.ar\/wp-content\/uploads\/2022\/04\/ThinkSystem-SR860.png 722w, http:\/\/web.digitalexpansion.com.ar\/wp-content\/uploads\/2022\/04\/ThinkSystem-SR860-300x201.png 300w, http:\/\/web.digitalexpansion.com.ar\/wp-content\/uploads\/2022\/04\/ThinkSystem-SR860-260x174.png 260w\" sizes=\"auto, (max-width: 549px) 100vw, 549px\" \/><\/p>\n<p>Caracter\u00edsticas<\/p>\n<ul>\n<li>2 o 4 CPUs de la familia de procesadores Intel\u00ae Xeon\u00ae de 2\u00ba Generaci\u00f3n<\/li>\n<li>Hasta 6TB de memoria DDR4 en 48 ranuras<\/li>\n<li>Compatible con Memoria Persistente Intel\u00ae Optane&#x2122; DC<\/li>\n<li>Hasta 165W\/28 n\u00facleos por CPU<\/li>\n<li>Hasta 11 ranuras PCIe m\u00e1s LOM<\/li>\n<\/ul>\n<p>&nbsp;<\/p>\n<hr \/>\n<h3><\/h3>\n<h3 style=\"text-align: center;\"><strong>ThinkSystem SR850 V2<\/strong><\/h3>\n<p>2U\/4P SR850 V2 est\u00e1 dise\u00f1ado para cargas de trabajo de alto crecimiento; computaci\u00f3n en memoria, bases de datos y virtualizaci\u00f3n, con gran capacidad de memoria y almacenamiento.<\/p>\n<p><img loading=\"lazy\" decoding=\"async\" class=\"alignleft  wp-image-1991\" src=\"http:\/\/web.digitalexpansion.com.ar\/wp-content\/uploads\/2022\/04\/ThinkSystem-SR850-V2.png\" alt=\"\" width=\"549\" height=\"343\" srcset=\"http:\/\/web.digitalexpansion.com.ar\/wp-content\/uploads\/2022\/04\/ThinkSystem-SR850-V2.png 723w, http:\/\/web.digitalexpansion.com.ar\/wp-content\/uploads\/2022\/04\/ThinkSystem-SR850-V2-300x188.png 300w, http:\/\/web.digitalexpansion.com.ar\/wp-content\/uploads\/2022\/04\/ThinkSystem-SR850-V2-260x163.png 260w\" sizes=\"auto, (max-width: 549px) 100vw, 549px\" \/><\/p>\n<p>Caracter\u00edsticas<\/p>\n<ul>\n<li>Dos o cuatro CPU de procesadores Intel\u00ae Xeon\u00ae Processor Scalable Family de tercera generaci\u00f3n, hasta 250W; topolog\u00eda de malla con 6 enlaces UPI<\/li>\n<li>Hasta 12TB de memoria DDR4<\/li>\n<li>Compatible con la memoria Intel\u00ae Optane&#x2122; Persistent de la serie 200<\/li>\n<li>Hasta 24 x 2,5&#8243;; unidades SAS\/SATA\/NVMe + 2 unidades de la parte trasera de 7mm<\/li>\n<li>Hasta 7 slots de expansi\u00f3n PCIe + slot OCP 3.0 dedicada<\/li>\n<\/ul>\n<p>&nbsp;<\/p>\n<hr \/>\n<h3><\/h3>\n<h3 style=\"text-align: center;\"><strong>ThinkSystem SR850P<\/strong><\/h3>\n<p>ThinkSystem SR850P es un sistema denso de cuatro procesadores, r\u00e1pido y altamente fiable dise\u00f1ado para el m\u00e1ximo rendimiento en cargas de trabajo con un uso intensivo de memoria y un alto crecimiento.<\/p>\n<p><img loading=\"lazy\" decoding=\"async\" class=\"alignleft  wp-image-1992\" src=\"http:\/\/web.digitalexpansion.com.ar\/wp-content\/uploads\/2022\/04\/ThinkSystem-SR850P.png\" alt=\"\" width=\"555\" height=\"371\" srcset=\"http:\/\/web.digitalexpansion.com.ar\/wp-content\/uploads\/2022\/04\/ThinkSystem-SR850P.png 723w, http:\/\/web.digitalexpansion.com.ar\/wp-content\/uploads\/2022\/04\/ThinkSystem-SR850P-300x200.png 300w, http:\/\/web.digitalexpansion.com.ar\/wp-content\/uploads\/2022\/04\/ThinkSystem-SR850P-260x174.png 260w\" sizes=\"auto, (max-width: 555px) 100vw, 555px\" \/><\/p>\n<p>Caracter\u00edsticas<\/p>\n<ul>\n<li>4 CPU de segunda generaci\u00f3n Intel\u00ae Xeon\u00ae Platinum<\/li>\n<li>Admite Intel\u00ae Optane&#x2122; DC Persistent Memory<\/li>\n<li>Hasta 205W\/28 cores por CPU<\/li>\n<li>Dise\u00f1o de servidor en rack 2U de pr\u00f3xima generaci\u00f3n<\/li>\n<li>Hasta 8 slots PCIe (que incluye hasta 4 con 16 slots) adem\u00e1s de LOM<\/li>\n<li>Hasta 15 TB en 48 slots DIMM<\/li>\n<li>Hasta 61,4 TB de almacenamiento NVMe interno<\/li>\n<\/ul>\n<p>&nbsp;<\/p>\n<hr \/>\n<h3><\/h3>\n<h3 style=\"text-align: center;\"><strong>ThinkSystem SR850 de Lenovo<\/strong><\/h3>\n<p>El ThinkSystem SR850 es un sistema muy confiable de 2 a 4 procesadores con una gran memoria y capacidad de almacenamiento, dise\u00f1ado para cargas de trabajo de gran crecimiento, como bases de datos y virtualizaci\u00f3n.<\/p>\n<p><img loading=\"lazy\" decoding=\"async\" class=\"alignleft  wp-image-1993\" src=\"http:\/\/web.digitalexpansion.com.ar\/wp-content\/uploads\/2022\/04\/ThinkSystem-SR850.png\" alt=\"\" width=\"545\" height=\"362\" srcset=\"http:\/\/web.digitalexpansion.com.ar\/wp-content\/uploads\/2022\/04\/ThinkSystem-SR850.png 716w, http:\/\/web.digitalexpansion.com.ar\/wp-content\/uploads\/2022\/04\/ThinkSystem-SR850-300x199.png 300w, http:\/\/web.digitalexpansion.com.ar\/wp-content\/uploads\/2022\/04\/ThinkSystem-SR850-260x173.png 260w\" sizes=\"auto, (max-width: 545px) 100vw, 545px\" \/><\/p>\n<p>Caracter\u00edsticas<\/p>\n<ul>\n<li>Hasta 4 procesadores Intel\u00ae Xeon\u00ae Platinum de segunda generaci\u00f3n<\/li>\n<li>Admite memoria persistente Intel\u00ae Optane&#x2122; DC<\/li>\n<li>Hasta 165 W\/28 cores por CPU<\/li>\n<li>Dise\u00f1o de servidor en rack 2U de pr\u00f3xima generaci\u00f3n<\/li>\n<li>Hasta 9 ranuras PCIe m\u00e1s LOM<\/li>\n<li>Hasta 6,0 TB en 48 ranuras DIMM<\/li>\n<li>Hasta 61,4 TB de almacenamiento NVMe interno<\/li>\n<\/ul>\n<p>&nbsp;<\/p>\n<hr \/>\n<h3><\/h3>\n<h3 style=\"text-align: center;\"><strong>Flex System x280 X6 Compute Node<\/strong><\/h3>\n<p>Ideal para cargas de trabajo como: m\u00e1quinas virtuales grandes que requieren m\u00e1s memoria por VM.<\/p>\n<p><img loading=\"lazy\" decoding=\"async\" class=\"alignleft size-full wp-image-1994\" src=\"http:\/\/web.digitalexpansion.com.ar\/wp-content\/uploads\/2022\/04\/Flex-System-x280-X6.png\" alt=\"\" width=\"556\" height=\"338\" srcset=\"http:\/\/web.digitalexpansion.com.ar\/wp-content\/uploads\/2022\/04\/Flex-System-x280-X6.png 556w, http:\/\/web.digitalexpansion.com.ar\/wp-content\/uploads\/2022\/04\/Flex-System-x280-X6-300x182.png 300w, http:\/\/web.digitalexpansion.com.ar\/wp-content\/uploads\/2022\/04\/Flex-System-x280-X6-260x158.png 260w\" sizes=\"auto, (max-width: 556px) 100vw, 556px\" \/><\/p>\n<p>Caracter\u00edsticas<\/p>\n<ul>\n<li>Formato: Nodo de c\u00f3mputo de 2 sockets.<\/li>\n<li>Almacenamiento: Hasta 9,6 TB utilizando DIMM eXFlash y unidades de estado s\u00f3lido (SSD)<\/li>\n<li>Memoria: Hasta 32 TB<\/li>\n<li>Form factor: 2-socket compute node<\/li>\n<li>Memory: Up to 3 TB with 64 GB LRDIMM<\/li>\n<li>Flash storage: Up to 4.7 TB using 12 eXFlash DIMMs<\/li>\n<\/ul>\n<p>&nbsp;<\/p>\n<hr \/>\n<h3><\/h3>\n<h3 style=\"text-align: center;\"><strong>Servidor blade ThinkSystem SN850<\/strong><\/h3>\n<p>Blades flexibles de alto rendimiento para servicios cr\u00edticos con m\u00e1ximo nivel de exigencia, como bases de datos en memoria, an\u00e1lisis en tiempo real y por lotes, y grandes bases de datos tradicionales.<\/p>\n<p><img loading=\"lazy\" decoding=\"async\" class=\"alignleft  wp-image-1995\" src=\"http:\/\/web.digitalexpansion.com.ar\/wp-content\/uploads\/2022\/04\/ThinkSystem-SN850.png\" alt=\"\" width=\"562\" height=\"385\" srcset=\"http:\/\/web.digitalexpansion.com.ar\/wp-content\/uploads\/2022\/04\/ThinkSystem-SN850.png 725w, http:\/\/web.digitalexpansion.com.ar\/wp-content\/uploads\/2022\/04\/ThinkSystem-SN850-300x206.png 300w, http:\/\/web.digitalexpansion.com.ar\/wp-content\/uploads\/2022\/04\/ThinkSystem-SN850-260x178.png 260w\" sizes=\"auto, (max-width: 562px) 100vw, 562px\" \/><\/p>\n<p>Caracter\u00edsticas<\/p>\n<ul>\n<li>4-socket blade doble ancho; 7 por ch\u00e1sis<\/li>\n<li>Hasta 4 procesadores Intel\u00ae Xeon\u00ae Platinum de 2da generaci\u00f3n<\/li>\n<li>Hasta 165W\/28 n\u00facleos por CPU<\/li>\n<li>Hasta 6 TB de memoria m\u00e1x. usando DIMM de 128 GB a 2933 MHz<\/li>\n<li>4x bah\u00edas de 2,5&#8243; hot-swap , SAS\/SATA\/U.2 + M.2<\/li>\n<\/ul>\n<p>&nbsp;<\/p>\n<hr \/>\n<h3><\/h3>\n<h3 style=\"text-align: center;\"><strong>ThinkSystem SD530<\/strong><\/h3>\n<p>El ThinkSystem SD530 es un sistema de 2U y 4 nodos muy \u00e1gil que sobresale en HPC y en cargas de trabajo empresariales, en la misma plataforma, de modo que aumenta la flexibilidad a la vez que reduce los costos.<\/p>\n<p><img loading=\"lazy\" decoding=\"async\" class=\"alignleft  wp-image-1996\" src=\"http:\/\/web.digitalexpansion.com.ar\/wp-content\/uploads\/2022\/04\/ThinkSystem-SD530-1.png\" alt=\"\" width=\"560\" height=\"385\" srcset=\"http:\/\/web.digitalexpansion.com.ar\/wp-content\/uploads\/2022\/04\/ThinkSystem-SD530-1.png 721w, http:\/\/web.digitalexpansion.com.ar\/wp-content\/uploads\/2022\/04\/ThinkSystem-SD530-1-300x206.png 300w, http:\/\/web.digitalexpansion.com.ar\/wp-content\/uploads\/2022\/04\/ThinkSystem-SD530-1-260x179.png 260w\" sizes=\"auto, (max-width: 560px) 100vw, 560px\" \/><\/p>\n<p>Caracter\u00edsticas<\/p>\n<ul>\n<li>Hasta 2 procesadores Xeon\u00ae Platinum de segunda generaci\u00f3n<\/li>\n<li>Hasta 2 procesadores 205 W de 28 n\u00facleos compatibles con el M\u00f3dulo de transferencia t\u00e9rmica Lenovo Neptune<\/li>\n<li>Hasta 6 unidades por nodo, hasta 4 de ellas NVMe<\/li>\n<li>Hasta 2 TB de memoria con 12 m\u00f3dulos RDIMMs 3DS TruDDR4 de 128 GB, soporta Intel\u00ae Optane&#x2122; DC Persistent Memory<\/li>\n<li>Soporta o bien una configuraci\u00f3n 2U4N con cuatro nodos de computaci\u00f3n Intel Xeon o una configuraci\u00f3n 2U2N con gran n\u00famero de unidades de GPU en la que cada nodo tiene conectadas 2 unidades GPU NVIDIA Tesla V100<\/li>\n<li>Mayor flexibilidad mediante soporte de InfiniBand SharedIO<\/li>\n<\/ul>\n<p>&nbsp;<\/p>\n<hr \/>\n<h3><\/h3>\n<h3 style=\"text-align: center;\"><strong>Servidor blade ThinkSystem SN550<\/strong><\/h3>\n<p>Blades flexibles de alto rendimiento para cargas de trabajo cr\u00edticas, como nube, virtualizaci\u00f3n de servidores, bases de datos e infraestructura de escritorio virtual (VDI).<\/p>\n<p><img loading=\"lazy\" decoding=\"async\" class=\"alignleft  wp-image-1997\" src=\"http:\/\/web.digitalexpansion.com.ar\/wp-content\/uploads\/2022\/04\/ThinkSystem-SN550.png\" alt=\"\" width=\"553\" height=\"380\" srcset=\"http:\/\/web.digitalexpansion.com.ar\/wp-content\/uploads\/2022\/04\/ThinkSystem-SN550.png 716w, http:\/\/web.digitalexpansion.com.ar\/wp-content\/uploads\/2022\/04\/ThinkSystem-SN550-300x206.png 300w, http:\/\/web.digitalexpansion.com.ar\/wp-content\/uploads\/2022\/04\/ThinkSystem-SN550-260x179.png 260w\" sizes=\"auto, (max-width: 553px) 100vw, 553px\" \/><\/p>\n<p>Caracter\u00edsticas<\/p>\n<ul>\n<li>Hasta 2 procesadores Intel\u00ae Xeon\u00ae Platinum desegunda generaci\u00f3n<\/li>\n<li>Hasta 3 TB de memoria m\u00e1xima con LRDIMM de 128 GB a 2933 MHz<\/li>\n<li>2 bah\u00edas de almacenamiento de 2,5&#8243; hot-swap ; SAS\/SATA\/NVMe\/U.2 + M.2<\/li>\n<\/ul>\n","protected":false},"excerpt":{"rendered":"<p>No sacrifiques el rendimiento para obtener una alta disponibilidad. Con los servidores de misi\u00f3n cr\u00edtica de Lenovo obtendr\u00e1s la mejor fiabilidad y tiempo de actividad de su clase con un rendimiento excepcional para las cargas de trabajo de tu empresa. Con los servidores de misi\u00f3n cr\u00edtica de Lenovo obtenga lo mejor en confiabilidad y tiempo<\/p>\n","protected":false},"author":2,"featured_media":0,"parent":0,"menu_order":0,"comment_status":"closed","ping_status":"closed","template":"","meta":{"_acf_changed":false,"inline_featured_image":false,"footnotes":""},"class_list":["post-1986","page","type-page","status-publish","hentry"],"acf":[],"_links":{"self":[{"href":"http:\/\/web.digitalexpansion.com.ar\/index.php?rest_route=\/wp\/v2\/pages\/1986","targetHints":{"allow":["GET"]}}],"collection":[{"href":"http:\/\/web.digitalexpansion.com.ar\/index.php?rest_route=\/wp\/v2\/pages"}],"about":[{"href":"http:\/\/web.digitalexpansion.com.ar\/index.php?rest_route=\/wp\/v2\/types\/page"}],"author":[{"embeddable":true,"href":"http:\/\/web.digitalexpansion.com.ar\/index.php?rest_route=\/wp\/v2\/users\/2"}],"replies":[{"embeddable":true,"href":"http:\/\/web.digitalexpansion.com.ar\/index.php?rest_route=%2Fwp%2Fv2%2Fcomments&post=1986"}],"version-history":[{"count":1,"href":"http:\/\/web.digitalexpansion.com.ar\/index.php?rest_route=\/wp\/v2\/pages\/1986\/revisions"}],"predecessor-version":[{"id":1998,"href":"http:\/\/web.digitalexpansion.com.ar\/index.php?rest_route=\/wp\/v2\/pages\/1986\/revisions\/1998"}],"wp:attachment":[{"href":"http:\/\/web.digitalexpansion.com.ar\/index.php?rest_route=%2Fwp%2Fv2%2Fmedia&parent=1986"}],"curies":[{"name":"wp","href":"https:\/\/api.w.org\/{rel}","templated":true}]}}