{"id":2001,"date":"2022-04-28T18:26:53","date_gmt":"2022-04-28T18:26:53","guid":{"rendered":"http:\/\/web.digitalexpansion.com.ar\/?page_id=2001"},"modified":"2022-04-28T18:26:53","modified_gmt":"2022-04-28T18:26:53","slug":"servidores-blades","status":"publish","type":"page","link":"http:\/\/web.digitalexpansion.com.ar\/?page_id=2001","title":{"rendered":"Servidores blades"},"content":{"rendered":"<h3 style=\"text-align: center;\"><strong>Flex System es el servidor blade de 2\u00b0 generaci\u00f3n de probada eficacia de Lenovo, totalmente compatible con todas las aplicaciones de tu infraestructura, y con una densidad optimizada en hasta un 80% respecto de cualquier otra implementaci\u00f3n de servidor de bastidor est\u00e1ndar.<\/strong><\/h3>\n<p>&nbsp;<\/p>\n<p style=\"text-align: center;\"><strong>LA PLATAFORMA DE GESTI\u00d3N PERFECTA PARA CONDUCIR EL NEGOCIO DE MA\u00d1ANA<\/strong><\/p>\n<p style=\"text-align: center;\"><strong>Los Flex System de Lenovo, la 2da generaci\u00f3n de blades, comprobaron que ejecutan eficientemente las aplicaciones de su infraestructura con una densidad de hasta un 80% superior a las implementaciones est\u00e1ndar de los servidores en rack.<\/strong><\/p>\n<p>&nbsp;<\/p>\n<hr \/>\n<h3><\/h3>\n<h3 style=\"text-align: center;\"><strong>Nodos de c\u00f3mputo<\/strong><\/h3>\n<p><strong>Poder de c\u00f3mputo altamente componible<\/strong><br \/>\nServidores blade de 2 y 4 z\u00f3calos de alto rendimiento que ofrecen caracter\u00edsticas mejoradas de seguridad, eficiencia y confiabilidad para manejar cargas de trabajo cr\u00edticas para la empresa.<\/p>\n<p><img loading=\"lazy\" decoding=\"async\" class=\"alignleft size-full wp-image-2002\" src=\"http:\/\/web.digitalexpansion.com.ar\/wp-content\/uploads\/2022\/04\/Nodos-de-computo.png\" alt=\"\" width=\"396\" height=\"297\" srcset=\"http:\/\/web.digitalexpansion.com.ar\/wp-content\/uploads\/2022\/04\/Nodos-de-computo.png 396w, http:\/\/web.digitalexpansion.com.ar\/wp-content\/uploads\/2022\/04\/Nodos-de-computo-300x225.png 300w, http:\/\/web.digitalexpansion.com.ar\/wp-content\/uploads\/2022\/04\/Nodos-de-computo-120x90.png 120w, http:\/\/web.digitalexpansion.com.ar\/wp-content\/uploads\/2022\/04\/Nodos-de-computo-260x195.png 260w\" sizes=\"auto, (max-width: 396px) 100vw, 396px\" \/><\/p>\n<hr \/>\n<h3><\/h3>\n<h3 style=\"text-align: center;\"><strong>Chasis y Rack<\/strong><\/h3>\n<p><strong>Las bases para Flex System, para el presente y el futuro.<\/strong><br \/>\nAcepta cualquier combinaci\u00f3n de nodos de c\u00f3mputo, almacenamiento, redes y administraci\u00f3n.<\/p>\n<p><img loading=\"lazy\" decoding=\"async\" class=\"alignleft size-full wp-image-2003\" src=\"http:\/\/web.digitalexpansion.com.ar\/wp-content\/uploads\/2022\/04\/Chasis-y-rack.png\" alt=\"\" width=\"397\" height=\"295\" srcset=\"http:\/\/web.digitalexpansion.com.ar\/wp-content\/uploads\/2022\/04\/Chasis-y-rack.png 397w, http:\/\/web.digitalexpansion.com.ar\/wp-content\/uploads\/2022\/04\/Chasis-y-rack-300x223.png 300w, http:\/\/web.digitalexpansion.com.ar\/wp-content\/uploads\/2022\/04\/Chasis-y-rack-120x90.png 120w, http:\/\/web.digitalexpansion.com.ar\/wp-content\/uploads\/2022\/04\/Chasis-y-rack-260x193.png 260w\" sizes=\"auto, (max-width: 397px) 100vw, 397px\" \/><\/p>\n<p>&nbsp;<\/p>\n<hr \/>\n<h3><\/h3>\n<h3 style=\"text-align: center;\"><strong>Redes<\/strong><\/h3>\n<p><strong>Dise\u00f1ado para virtualizaci\u00f3n y nube.<\/strong><br \/>\nOpciones de redes de alto rendimiento que simplifican la conectividad y soporte para tu ancho de banda y tus requerimientos de latencia.<\/p>\n<p><img loading=\"lazy\" decoding=\"async\" class=\"alignleft size-full wp-image-2004\" src=\"http:\/\/web.digitalexpansion.com.ar\/wp-content\/uploads\/2022\/04\/Redes.png\" alt=\"\" width=\"399\" height=\"298\" srcset=\"http:\/\/web.digitalexpansion.com.ar\/wp-content\/uploads\/2022\/04\/Redes.png 399w, http:\/\/web.digitalexpansion.com.ar\/wp-content\/uploads\/2022\/04\/Redes-300x224.png 300w, http:\/\/web.digitalexpansion.com.ar\/wp-content\/uploads\/2022\/04\/Redes-120x90.png 120w, http:\/\/web.digitalexpansion.com.ar\/wp-content\/uploads\/2022\/04\/Redes-260x194.png 260w\" sizes=\"auto, (max-width: 399px) 100vw, 399px\" \/><\/p>\n","protected":false},"excerpt":{"rendered":"<p>Flex System es el servidor blade de 2\u00b0 generaci\u00f3n de probada eficacia de Lenovo, totalmente compatible con todas las aplicaciones de tu infraestructura, y con una densidad optimizada en hasta un 80% respecto de cualquier otra implementaci\u00f3n de servidor de bastidor est\u00e1ndar. &nbsp; LA PLATAFORMA DE GESTI\u00d3N PERFECTA PARA CONDUCIR EL NEGOCIO DE MA\u00d1ANA Los<\/p>\n","protected":false},"author":2,"featured_media":0,"parent":0,"menu_order":0,"comment_status":"closed","ping_status":"closed","template":"","meta":{"_acf_changed":false,"inline_featured_image":false,"footnotes":""},"class_list":["post-2001","page","type-page","status-publish","hentry"],"acf":[],"_links":{"self":[{"href":"http:\/\/web.digitalexpansion.com.ar\/index.php?rest_route=\/wp\/v2\/pages\/2001","targetHints":{"allow":["GET"]}}],"collection":[{"href":"http:\/\/web.digitalexpansion.com.ar\/index.php?rest_route=\/wp\/v2\/pages"}],"about":[{"href":"http:\/\/web.digitalexpansion.com.ar\/index.php?rest_route=\/wp\/v2\/types\/page"}],"author":[{"embeddable":true,"href":"http:\/\/web.digitalexpansion.com.ar\/index.php?rest_route=\/wp\/v2\/users\/2"}],"replies":[{"embeddable":true,"href":"http:\/\/web.digitalexpansion.com.ar\/index.php?rest_route=%2Fwp%2Fv2%2Fcomments&post=2001"}],"version-history":[{"count":1,"href":"http:\/\/web.digitalexpansion.com.ar\/index.php?rest_route=\/wp\/v2\/pages\/2001\/revisions"}],"predecessor-version":[{"id":2007,"href":"http:\/\/web.digitalexpansion.com.ar\/index.php?rest_route=\/wp\/v2\/pages\/2001\/revisions\/2007"}],"wp:attachment":[{"href":"http:\/\/web.digitalexpansion.com.ar\/index.php?rest_route=%2Fwp%2Fv2%2Fmedia&parent=2001"}],"curies":[{"name":"wp","href":"https:\/\/api.w.org\/{rel}","templated":true}]}}