{"id":2019,"date":"2022-04-28T18:37:16","date_gmt":"2022-04-28T18:37:16","guid":{"rendered":"http:\/\/web.digitalexpansion.com.ar\/?page_id=2019"},"modified":"2022-04-28T18:37:16","modified_gmt":"2022-04-28T18:37:16","slug":"infraestructura-definida-por-software","status":"publish","type":"page","link":"http:\/\/web.digitalexpansion.com.ar\/?page_id=2019","title":{"rendered":"Infraestructura definida por software"},"content":{"rendered":"<p style=\"text-align: center;\">Las soluciones ThinkAgile de Lenovo simplifican la infraestructura de TI y aceleran el tiempo de generaci\u00f3n de valor, lo que te libera para que puedas concentrarte en tu negocio principal.<\/p>\n<h3 style=\"text-align: center;\"><span style=\"color: #3366ff;\"><strong>Simplifica todo lo relacionado con IT y agiliza la creaci\u00f3n de valor<\/strong><\/span><\/h3>\n<p style=\"text-align: center;\">Los dispositivos ThinkAgile (tambi\u00e9n denominados sistemas integrados) y los nodos certificados (tambi\u00e9n denominados nodos validados) de Lenovo est\u00e1n dise\u00f1ados para facilitarle el trabajo. Las soluciones ThinkAgile simplifican la infraestructura de TI y aceleran la rentabilidad de la inversi\u00f3n para que puedas centrarte en las actividades principales de tu negocio.<\/p>\n<p>&nbsp;<\/p>\n<hr \/>\n<h3><\/h3>\n<h3 style=\"text-align: center;\"><strong>Serie ThinkAgile HX<\/strong><\/h3>\n<p>Dise\u00f1ada para facilitar la implementaci\u00f3n y la administraci\u00f3n, ThinkAgile HX de Lenovo combina el software Nutanix con las plataformas fiables de alto rendimiento l\u00edderes en la industria de Lenovo.<\/p>\n<p><img loading=\"lazy\" decoding=\"async\" class=\"alignleft  wp-image-2020\" src=\"http:\/\/web.digitalexpansion.com.ar\/wp-content\/uploads\/2022\/04\/ThinkAgile-HX.png\" alt=\"\" width=\"563\" height=\"399\" srcset=\"http:\/\/web.digitalexpansion.com.ar\/wp-content\/uploads\/2022\/04\/ThinkAgile-HX.png 723w, http:\/\/web.digitalexpansion.com.ar\/wp-content\/uploads\/2022\/04\/ThinkAgile-HX-300x212.png 300w, http:\/\/web.digitalexpansion.com.ar\/wp-content\/uploads\/2022\/04\/ThinkAgile-HX-260x184.png 260w\" sizes=\"auto, (max-width: 563px) 100vw, 563px\" \/><\/p>\n<p>Caracter\u00edsticas<\/p>\n<h4>\u00b7\u00a0\u00a0\u00a0\u00a0\u00a0\u00a0\u00a0\u00a0 Cargas de trabajo ultrarr\u00e1pidas<\/h4>\n<p>Optimizado con los nuevos procesadores Intel\u00ae de segunda generaci\u00f3n para un rendimiento a\u00fan m\u00e1s r\u00e1pido, el portafolio ThinkAgile HX ahora se adapta mejor a distintos tipos de cargas de trabajo virtualizadas, incluidas sucursales y oficinas remotas; aplicaciones de archivo, impresi\u00f3n y correo electr\u00f3nico; an\u00e1lisis y bases de datos en memoria. Las plataformas Lenovo son las que m\u00e1s r\u00e9cords mundiales han batido en t\u00e9rminos de rendimiento y han sido calificadas como las de m\u00e1s alta confiabilidad por seis a\u00f1os consecutivos. Lenovo tiene la mejor f\u00f3rmula de cargas de trabajo HX validadas como arquitecturas de referencia para ayudarte a agilizar tus aplicaciones en cualquier momento, independientemente de la escala a la que se trabaje.<\/p>\n<h4>\u00b7\u00a0\u00a0\u00a0\u00a0\u00a0\u00a0\u00a0\u00a0 Simplifica la infraestructura de IT<\/h4>\n<p>Las infraestructuras de IT suelen ser complejas, costosas y dif\u00edciles de administrar. La convergencia de servidores y dispositivos de almacenamiento de distinto grado de sofisticaci\u00f3n hace que las \u00e1reas de IT deban centrarse demasiado en tareas de mantenimiento y no puedan abocarse tanto a proyectos nuevos. La serie ThinkAgile HX de Lenovo ayuda a optimizar las funciones de IT a fin de reducir considerablemente el nivel de complejidad de servidores, unidades de almacenamiento y procesos de virtualizaci\u00f3n en centros de datos de todo tipo. Ahorra en costo total de propiedad y obt\u00e9n hasta 2,8 veces m\u00e1s de capacidad de almacenamiento. Un solo clic basta para obtener actualizaciones de firmware, planificaci\u00f3n e informaci\u00f3n \u00fatil. Tambi\u00e9n permite acceder a una integraci\u00f3n \u00fanica entre Lenovo y Nutanix Prism para gesti\u00f3n y operaciones simplificadas.<\/p>\n<h4>\u00b7\u00a0\u00a0\u00a0\u00a0\u00a0\u00a0\u00a0\u00a0 Potencia la libertad<\/h4>\n<p>Los componentes confiables y escalables de ThinkAgile HX son despachados directamente de las f\u00e1bricas de Lenovo, lo que ayuda a agilizar la implementaci\u00f3n en un 85%. Hay opciones de bastidor y servidores, unidades de almacenamiento y dispositivos de red de Lenovo combinados para una implementaci\u00f3n mucho m\u00e1s flexible. Todo un portafolio de opciones de procesadores, unidades y CPU sumamente vers\u00e1tiles, especialmente optimizadas para las cargas de trabajo.<\/p>\n<p>&nbsp;<\/p>\n<hr \/>\n<p>&nbsp;<\/p>\n<h3 style=\"text-align: center;\"><strong>Serie ThinkAgile SX<\/strong><\/h3>\n<p>ThinkAgile SX para Microsoft Azure Stack Hub te ayuda a acelerar tu camino hacia la transformaci\u00f3n digital al habilitar los servicios en la nube de Azure desde tu propio centro de datos.<\/p>\n<p><img loading=\"lazy\" decoding=\"async\" class=\"alignleft  wp-image-2021\" src=\"http:\/\/web.digitalexpansion.com.ar\/wp-content\/uploads\/2022\/04\/ThinkAgile-SX.png\" alt=\"\" width=\"568\" height=\"406\" srcset=\"http:\/\/web.digitalexpansion.com.ar\/wp-content\/uploads\/2022\/04\/ThinkAgile-SX.png 718w, http:\/\/web.digitalexpansion.com.ar\/wp-content\/uploads\/2022\/04\/ThinkAgile-SX-300x214.png 300w, http:\/\/web.digitalexpansion.com.ar\/wp-content\/uploads\/2022\/04\/ThinkAgile-SX-260x186.png 260w\" sizes=\"auto, (max-width: 568px) 100vw, 568px\" \/><\/p>\n<p>Caracter\u00edsticas<\/p>\n<h4>\u00b7\u00a0\u00a0\u00a0\u00a0\u00a0\u00a0\u00a0\u00a0 Simplicidad construida especialmente<\/h4>\n<p>Saca la complejidad de la nube h\u00edbrida con ThinkAgile SX para Microsoft Azure Stack Hub Codise\u00f1ado por Lenovo y Microsoft y preintegrado en nuestra f\u00e1brica, esta soluci\u00f3n escalable de rack definida por software simplifica considerablemente la nube h\u00edbrida y reduce dram\u00e1ticamente el tiempo para implementar el primer servicio de nube.<\/p>\n<h4>\u00b7\u00a0\u00a0\u00a0\u00a0\u00a0\u00a0\u00a0\u00a0 Servicios de Azure en las instalaciones<\/h4>\n<p>Enf\u00f3cate menos en la infraestructura y m\u00e1s en construir e implementar los servicios Iaas, PaaS y SaaS de Azure con ThinkAgile SX para Microsoft Azure Stack Hub. Como una extensi\u00f3n de la nube p\u00fablica de Azure, nuestra soluci\u00f3n ofrece un conjunto uniforme de servicios Azure entre los entornos h\u00edbridos a trav\u00e9s de una soluci\u00f3n altamente resistente y potente en las instalaciones. Esto te ayudar\u00e1 a desarrollar r\u00e1pidamente aplicaciones modernas y microservicios, alcanzar un alto rendimiento y disponibilidad de carga de trabajo local y aprovechar la escalabilidad el\u00e1stica de la nube p\u00fablica cuando sea necesario.<\/p>\n<ul>\n<li>\n<h4>Desarrollo consistente de aplicaciones h\u00edbridas<\/h4>\n<\/li>\n<\/ul>\n<p>ThinkAgile SX para Microsoft Azure Stack Hub ayuda a promover un enfoque com\u00fan de DevOps en todo el entorno h\u00edbrido. Al utilizar las herramientas y servicios de implementaci\u00f3n en las instalaciones, los desarrolladores pueden crear aplicaciones una vez e implementarlas en entornos privados o p\u00fablicos. Azure Stack Hub utiliza el mismo modelo de aplicaci\u00f3n, portal, API y plantillas de automatizaci\u00f3n predefinidas de Azure Resource Manager como la nube publica Azure. Los resistentes cl\u00fasteres hiperconvergentes ThinkAgile garantizan que la plataforma Azure en las instalaciones permanezcan resistentes y disponibles para asistir un r\u00e1pido desarrollo e iteraci\u00f3n de servicios y aplicaciones.<\/p>\n<p><strong>Lenovo ThinkAgile SX para Microsoft Azure Stack Hub es ahora una Intel Select Solution!<\/strong><\/p>\n<p>Acelera y facilita la implementaci\u00f3n de la infraestructura reduciendo la complejidad con Intel Select Solutions y Lenovo ThinkAgile SX para Microsoft Azure Stack Hub. Lenovo mantiene una prolongada colaboraci\u00f3n con Intel para resolver los problemas de los clientes, incorporando los m\u00e1s recientes procesadores Intel en nuestros sistemas integrados. Cuando Intel propuso soluciones Intel Select para Azure Stack Hub, Lenovo vio el valor de la soluci\u00f3n y fue el primer partner de hardware que complet\u00f3 las certificaciones necesarias. Las soluciones Intel Select proporcionan soluciones preconfiguradas optimizadas por Intel y Microsoft y validadas y probadas por Lenovo para ofrecer una infraestructura de alto rendimiento para las actuales necesidades de computaci\u00f3n. Estas soluciones est\u00e1n construidas sobre procesadores de la familia Intel\u00ae Xeon\u00ae Scalable y dispositivos de nivel de cach\u00e9 Intel P4600 NVMe, dise\u00f1ados para acelerar el rendimiento y reducir la latencia. Nuestros sistemas integrados en Azure Stack Hub alcanzan o superan todos los requisitos de rendimiento de esta soluci\u00f3n.<\/p>\n<hr \/>\n<h3><\/h3>\n<h3 style=\"text-align: center;\"><strong>Serie ThinkAgile MX<\/strong><\/h3>\n<p>Los nodos ThinkAgile MX certificados agilizan la adopci\u00f3n de soluciones Microsoft Azure Stack HCI en tu empresa simplificando y validando el proceso de pedidos con un tipo de m\u00e1quina f\u00e1cil de usar.<\/p>\n<p><img loading=\"lazy\" decoding=\"async\" class=\"alignleft  wp-image-2022\" src=\"http:\/\/web.digitalexpansion.com.ar\/wp-content\/uploads\/2022\/04\/ThinkAgile-MX.png\" alt=\"\" width=\"559\" height=\"396\" srcset=\"http:\/\/web.digitalexpansion.com.ar\/wp-content\/uploads\/2022\/04\/ThinkAgile-MX.png 725w, http:\/\/web.digitalexpansion.com.ar\/wp-content\/uploads\/2022\/04\/ThinkAgile-MX-300x213.png 300w, http:\/\/web.digitalexpansion.com.ar\/wp-content\/uploads\/2022\/04\/ThinkAgile-MX-260x184.png 260w\" sizes=\"auto, (max-width: 559px) 100vw, 559px\" \/><\/p>\n<p>Caracter\u00edsticas<\/p>\n<ul>\n<li>\n<h4>Acelera su negocio<\/h4>\n<\/li>\n<\/ul>\n<p>Con la explosi\u00f3n de la necesidad de almacenamiento de datos, las empresas han adoptado infraestructuras hiperconvergentes como primera opci\u00f3n. Los dispositivos (sistemas integrados) y nodos certificados (nodos validados) Lenovo ThinkAgile MX son los pilares de la HCI, colocados sobre la base del hardware certificado Lenovo y el software Azure Stack HCI. Con el complemento XClarity de Lenovo y la integraci\u00f3n con Windows Admin Center, las empresas puede desplegar sus soluciones de forma r\u00e1pida y sencilla. Los servicios h\u00edbridos sin fisuras Azure hacen a\u00fan m\u00e1s f\u00e1cil desplegar aplicaciones en la nube.<\/p>\n<ul>\n<li>\n<h4>Puesta en valor m\u00e1s r\u00e1pida<\/h4>\n<\/li>\n<\/ul>\n<p>En IT tradicional, una soluci\u00f3n se dise\u00f1a, prueba, implementa y mantiene, lo que requiere importante cantidad de tiempo y energ\u00eda. Microsoft cre\u00f3 S2D para solucionar este desaf\u00edo de IT con sus soluciones certificadas de HCl de Azure Stack.<\/p>\n<p>Lenovo ha dise\u00f1ado, probado y validado ThinkAgile serie MX para proporcionar las soluciones de HCl de Azure Stack que necesitas, con la confianza que se requiere para sobrepasar los requerimientos exigentes de IT de la actualidad. El resultado es que puedes implementar r\u00e1pidamente una soluci\u00f3n HCl s\u00f3lida, de alto rendimiento y resolver r\u00e1pidamente tus desaf\u00edos de IT.<\/p>\n<ul>\n<li>\n<h4>Simplicidad y flexibilidad<\/h4>\n<\/li>\n<\/ul>\n<p>La extensi\u00f3n Lenovo XClarity se integra con Windows Admin Center de Microsoft y ofrece una experiencia sencilla mediante un panel unificado para toda la infraestructura, m\u00e1quinas virtuales, software y hardware. Los nodos ThinkAgile MX ofrecen una amplia diversidad de opciones de procesador, memoria y almacenamiento que proporcionan la m\u00e1xima flexibilidad para adaptar la infraestructura.<\/p>\n<ul>\n<li>\n<h4>Valor Excelente<\/h4>\n<\/li>\n<\/ul>\n<p>El nivel de cach\u00e9 se sit\u00faa por encima de un nivel de capacidad, que est\u00e1 compuesto, en general, por unidades de disco duro (HDD) econ\u00f3micas. Estos dispositivos de almacenamiento econ\u00f3micos, junto con la aceleraci\u00f3n del nivel de cach\u00e9, proporcionan una soluci\u00f3n flexible con capacidad de almacenamiento y un rendimiento impresionante para satisfacer las exigentes cargas de trabajo de hoy en d\u00eda.<\/p>\n<p>&nbsp;<\/p>\n<hr \/>\n<h3><\/h3>\n<h3 style=\"text-align: center;\"><strong>Serie ThinkAgile VX<\/strong><\/h3>\n<p>ThinkAgile VX es una soluci\u00f3n hiperconvergente basada en VSAN de VMware que te permite centrarte en tu negocio en lugar de en tu infraestructura de TI.<\/p>\n<p><img loading=\"lazy\" decoding=\"async\" class=\"alignleft  wp-image-2023\" src=\"http:\/\/web.digitalexpansion.com.ar\/wp-content\/uploads\/2022\/04\/ThinkAgile-Serie-VX.png\" alt=\"\" width=\"573\" height=\"405\" srcset=\"http:\/\/web.digitalexpansion.com.ar\/wp-content\/uploads\/2022\/04\/ThinkAgile-Serie-VX.png 722w, http:\/\/web.digitalexpansion.com.ar\/wp-content\/uploads\/2022\/04\/ThinkAgile-Serie-VX-300x212.png 300w, http:\/\/web.digitalexpansion.com.ar\/wp-content\/uploads\/2022\/04\/ThinkAgile-Serie-VX-260x184.png 260w\" sizes=\"auto, (max-width: 573px) 100vw, 573px\" \/><\/p>\n<p>Caracter\u00edsticas<\/p>\n<ul>\n<li>\n<h4>Comprobado, cualificado, demostrado<\/h4>\n<\/li>\n<\/ul>\n<p>En general, la instalaci\u00f3n de una nueva infraestructura hiperconvergente es en gran medida como un proyecto de bricolaje. Los clientes han de configurar, comprobar, depurar, optimizar, validar, etc, por su cuenta. Sin embargo, los ThinkAgile Serie VX eliminan este tiempo y esfuerzo al llevar a cabo estas tareas antes de salir de f\u00e1brica. La Serie VX se entrega con todo cuanto necesitas para empezar a trabajar, con la opci\u00f3n de servicios profesionales Lenovo para encargarse de la instalaci\u00f3n y configuraci\u00f3n. La gesti\u00f3n mejorada del ciclo de vida con vLCM facilita al cliente la administraci\u00f3n del hardware y el software VMware de su infraestructura.<\/p>\n<ul>\n<li>\n<h4>Fiable y escalable<\/h4>\n<\/li>\n<\/ul>\n<p>El \u00e9xito de una soluci\u00f3n hiperconvergente se basa en la fiabilidad de la plataforma. ThinkAgile Serie VX integra los servidores Lenovo de mayor fiabilidad del mundo con VMware vSAN para ofrecer una soluci\u00f3n de gran robustez a las empresas en crecimiento.<\/p>\n<p>La Serie VX ofrece flexibilidad de configuraci\u00f3n para satisfacer cualquier caso de uso y todos los sistemas est\u00e1n disponibles en configuraciones all-flash e h\u00edbridas. Aumentar la escala de la computaci\u00f3n o la capacidad de almacenamiento es f\u00e1cil, puedes comenzar con solo tres nodos e ir a\u00f1adiendo m\u00e1s capacidad de almacenamiento o m\u00e1s nodos para ampliar prestaciones y capacidad.<\/p>\n<ul>\n<li>\n<h4>Las ventajas de ThinkAgile<\/h4>\n<\/li>\n<\/ul>\n<p>ThinkAgile Advantage Services, incluido con su ThinkAgile VX, acelera el despliegue para acelerar la rentabilidad de tu inversi\u00f3n. Y nosotros estamos dispuestos a ayudarte hasta el final. Te asignaremos un punto de contacto \u00fanico para ofrecerte asistencia integral r\u00e1pida, que abarca la instalaci\u00f3n del hardware, reparaci\u00f3n sobre el terreno e instalaci\u00f3n de repuestos. Adem\u00e1s el amplio cat\u00e1logo de servicios de Lenovo abarca todo el ciclo de vida de activos de IT de Lenovo para satisfacer exigencias empresariales espec\u00edficas y objetivos de tiempo de respuesta con niveles de soporte t\u00e9cnico preestablecidos.<\/p>\n<ul>\n<li>\n<h4>Nodos certificados ThinkAgile VX<\/h4>\n<\/li>\n<\/ul>\n<p>Los nodos certificados Lenovo ThinkAgile VX eliminan problemas b\u00e1sicos de los que tu equipo de IT nunca deber\u00eda haber tenido que ocuparse. Con los nodos certificados VX tienes la garant\u00eda de que todos los componentes de tu soluci\u00f3n hiperconvergente est\u00e1n certificados hasta el firmware de las unidades y los HBA, y adem\u00e1s tienes la seguridad de que las posibles actualizaciones del firmware no supondr\u00e1n incumplimiento de la normativa. Los nodos certificados VX incluyen hardware y firmware Lenovo totalmente validados e integrados, certificados con VMware vSAN. Las licencias de SW de vSAN se pueden obtener por separado.<\/p>\n<p>&nbsp;<\/p>\n","protected":false},"excerpt":{"rendered":"<p>Las soluciones ThinkAgile de Lenovo simplifican la infraestructura de TI y aceleran el tiempo de generaci\u00f3n de valor, lo que te libera para que puedas concentrarte en tu negocio principal. Simplifica todo lo relacionado con IT y agiliza la creaci\u00f3n de valor Los dispositivos ThinkAgile (tambi\u00e9n denominados sistemas integrados) y los nodos certificados (tambi\u00e9n denominados<\/p>\n","protected":false},"author":2,"featured_media":0,"parent":0,"menu_order":0,"comment_status":"closed","ping_status":"closed","template":"","meta":{"_acf_changed":false,"inline_featured_image":false,"footnotes":""},"class_list":["post-2019","page","type-page","status-publish","hentry"],"acf":[],"_links":{"self":[{"href":"http:\/\/web.digitalexpansion.com.ar\/index.php?rest_route=\/wp\/v2\/pages\/2019","targetHints":{"allow":["GET"]}}],"collection":[{"href":"http:\/\/web.digitalexpansion.com.ar\/index.php?rest_route=\/wp\/v2\/pages"}],"about":[{"href":"http:\/\/web.digitalexpansion.com.ar\/index.php?rest_route=\/wp\/v2\/types\/page"}],"author":[{"embeddable":true,"href":"http:\/\/web.digitalexpansion.com.ar\/index.php?rest_route=\/wp\/v2\/users\/2"}],"replies":[{"embeddable":true,"href":"http:\/\/web.digitalexpansion.com.ar\/index.php?rest_route=%2Fwp%2Fv2%2Fcomments&post=2019"}],"version-history":[{"count":1,"href":"http:\/\/web.digitalexpansion.com.ar\/index.php?rest_route=\/wp\/v2\/pages\/2019\/revisions"}],"predecessor-version":[{"id":2026,"href":"http:\/\/web.digitalexpansion.com.ar\/index.php?rest_route=\/wp\/v2\/pages\/2019\/revisions\/2026"}],"wp:attachment":[{"href":"http:\/\/web.digitalexpansion.com.ar\/index.php?rest_route=%2Fwp%2Fv2%2Fmedia&parent=2019"}],"curies":[{"name":"wp","href":"https:\/\/api.w.org\/{rel}","templated":true}]}}