{"id":2027,"date":"2022-04-28T18:48:10","date_gmt":"2022-04-28T18:48:10","guid":{"rendered":"http:\/\/web.digitalexpansion.com.ar\/?page_id=2027"},"modified":"2022-04-28T18:48:10","modified_gmt":"2022-04-28T18:48:10","slug":"almacenamiento-all-flash","status":"publish","type":"page","link":"http:\/\/web.digitalexpansion.com.ar\/?page_id=2027","title":{"rendered":"Almacenamiento All-Flash"},"content":{"rendered":"<h3 style=\"text-align: center;\"><strong>Impulse el acceso a Flash con NVMe, as\u00ed obtendr\u00e1 un rendimiento acelerado y menor latencia.<\/strong><\/h3>\n<h3 style=\"text-align: center;\"><strong>Simplifique la gesti\u00f3n de datos e infraestructura con automatizaci\u00f3n, operaciones unificadas en la nube, seguridad de datos y conocimientos basados en IA.<\/strong><\/h3>\n<h3 style=\"text-align: center;\"><strong>Obtenga rendimiento y eficiencia l\u00edderes en el mercado de la familia de plataformas unificadas IBM\u00ae FlashSystem, lo que le permite optimizar la administraci\u00f3n y la complejidad operativa en entornos locales, de nube h\u00edbrida, virtualizados y en contenedores.<\/strong><\/h3>\n<hr \/>\n<h3><\/h3>\n<p style=\"text-align: center;\"><strong>IBM FlashSystem 5000<\/strong><\/p>\n<p>Obtenga una soluci\u00f3n de almacenamiento h\u00edbrida, all-flash o escalable que sea r\u00e1pida, asequible y escalable. IBM FlashSystem 5000 est\u00e1 dise\u00f1ado para manejar la virtualizaci\u00f3n de servidores y escritorios, bases de datos de producci\u00f3n, contenedores, data center edge y m\u00e1s.<\/p>\n<p><img loading=\"lazy\" decoding=\"async\" class=\"alignleft size-full wp-image-2028\" src=\"http:\/\/web.digitalexpansion.com.ar\/wp-content\/uploads\/2022\/04\/IBM-FlashSystem-5000.jpg\" alt=\"\" width=\"336\" height=\"150\" srcset=\"http:\/\/web.digitalexpansion.com.ar\/wp-content\/uploads\/2022\/04\/IBM-FlashSystem-5000.jpg 336w, http:\/\/web.digitalexpansion.com.ar\/wp-content\/uploads\/2022\/04\/IBM-FlashSystem-5000-300x134.jpg 300w, http:\/\/web.digitalexpansion.com.ar\/wp-content\/uploads\/2022\/04\/IBM-FlashSystem-5000-260x116.jpg 260w\" sizes=\"auto, (max-width: 336px) 100vw, 336px\" \/><\/p>\n<p><strong>\u00a0<\/strong><\/p>\n<hr \/>\n<p>&nbsp;<\/p>\n<p style=\"text-align: center;\"><strong>IBM FlashSystem 5200<\/strong><\/p>\n<p>Adquiera servicios de datos de nivel empresarial a un precio asequible para cargas de trabajo de nivel de entrada y casos de uso como SAP, Oracle, virtualizaci\u00f3n de servidores y computadoras de escritorio, bases de datos de producci\u00f3n, contenedores y borde del centro de datos.<\/p>\n<p><img loading=\"lazy\" decoding=\"async\" class=\"alignleft size-full wp-image-2029\" src=\"http:\/\/web.digitalexpansion.com.ar\/wp-content\/uploads\/2022\/04\/IBM-FlashSystem-5200.jpg\" alt=\"\" width=\"438\" height=\"115\" srcset=\"http:\/\/web.digitalexpansion.com.ar\/wp-content\/uploads\/2022\/04\/IBM-FlashSystem-5200.jpg 438w, http:\/\/web.digitalexpansion.com.ar\/wp-content\/uploads\/2022\/04\/IBM-FlashSystem-5200-300x79.jpg 300w, http:\/\/web.digitalexpansion.com.ar\/wp-content\/uploads\/2022\/04\/IBM-FlashSystem-5200-260x68.jpg 260w\" sizes=\"auto, (max-width: 438px) 100vw, 438px\" \/><\/p>\n<p>&nbsp;<\/p>\n<hr \/>\n<p>&nbsp;<\/p>\n<p style=\"text-align: center;\"><strong>IBM FlashSystem 7300<\/strong><\/p>\n<p>Utilice NVMe, tecnolog\u00eda IBM\u00ae FlashCore y baja latencia para admitir cargas de trabajo de rango medio y casos de uso como la consolidaci\u00f3n de cargas de trabajo, SAP, Oracle, virtualizaci\u00f3n de servidores y computadoras de escritorio, bases de datos de producci\u00f3n y contenedores.<\/p>\n<p><img loading=\"lazy\" decoding=\"async\" class=\"alignleft  wp-image-2030\" src=\"http:\/\/web.digitalexpansion.com.ar\/wp-content\/uploads\/2022\/04\/IBM-FlashSystem-7300.jpg\" alt=\"\" width=\"395\" height=\"222\" srcset=\"http:\/\/web.digitalexpansion.com.ar\/wp-content\/uploads\/2022\/04\/IBM-FlashSystem-7300.jpg 299w, http:\/\/web.digitalexpansion.com.ar\/wp-content\/uploads\/2022\/04\/IBM-FlashSystem-7300-260x146.jpg 260w\" sizes=\"auto, (max-width: 395px) 100vw, 395px\" \/><\/p>\n<p>&nbsp;<\/p>\n<hr \/>\n<p>&nbsp;<\/p>\n<p style=\"text-align: center;\"><strong>IBM FlashSystem 9500<\/strong><\/p>\n<p>Combine matrices all-flash aceleradas por NVMe de extremo a extremo con la tecnolog\u00eda IBM FlashCore para satisfacer las demandas cr\u00edticas de carga de trabajo empresarial en casos de uso como base de datos en memoria, Oracle, VDI\/virtualizaci\u00f3n, base de datos de producci\u00f3n y contenedores.<\/p>\n<p><img loading=\"lazy\" decoding=\"async\" class=\"alignleft  wp-image-2031\" src=\"http:\/\/web.digitalexpansion.com.ar\/wp-content\/uploads\/2022\/04\/IBM-FlashSystem-9500.jpg\" alt=\"\" width=\"432\" height=\"243\" srcset=\"http:\/\/web.digitalexpansion.com.ar\/wp-content\/uploads\/2022\/04\/IBM-FlashSystem-9500.jpg 299w, http:\/\/web.digitalexpansion.com.ar\/wp-content\/uploads\/2022\/04\/IBM-FlashSystem-9500-260x146.jpg 260w\" sizes=\"auto, (max-width: 432px) 100vw, 432px\" \/><\/p>\n","protected":false},"excerpt":{"rendered":"<p>Impulse el acceso a Flash con NVMe, as\u00ed obtendr\u00e1 un rendimiento acelerado y menor latencia. Simplifique la gesti\u00f3n de datos e infraestructura con automatizaci\u00f3n, operaciones unificadas en la nube, seguridad de datos y conocimientos basados en IA. Obtenga rendimiento y eficiencia l\u00edderes en el mercado de la familia de plataformas unificadas IBM\u00ae FlashSystem, lo que<\/p>\n","protected":false},"author":2,"featured_media":0,"parent":0,"menu_order":0,"comment_status":"closed","ping_status":"closed","template":"","meta":{"_acf_changed":false,"inline_featured_image":false,"footnotes":""},"class_list":["post-2027","page","type-page","status-publish","hentry"],"acf":[],"_links":{"self":[{"href":"http:\/\/web.digitalexpansion.com.ar\/index.php?rest_route=\/wp\/v2\/pages\/2027","targetHints":{"allow":["GET"]}}],"collection":[{"href":"http:\/\/web.digitalexpansion.com.ar\/index.php?rest_route=\/wp\/v2\/pages"}],"about":[{"href":"http:\/\/web.digitalexpansion.com.ar\/index.php?rest_route=\/wp\/v2\/types\/page"}],"author":[{"embeddable":true,"href":"http:\/\/web.digitalexpansion.com.ar\/index.php?rest_route=\/wp\/v2\/users\/2"}],"replies":[{"embeddable":true,"href":"http:\/\/web.digitalexpansion.com.ar\/index.php?rest_route=%2Fwp%2Fv2%2Fcomments&post=2027"}],"version-history":[{"count":1,"href":"http:\/\/web.digitalexpansion.com.ar\/index.php?rest_route=\/wp\/v2\/pages\/2027\/revisions"}],"predecessor-version":[{"id":2034,"href":"http:\/\/web.digitalexpansion.com.ar\/index.php?rest_route=\/wp\/v2\/pages\/2027\/revisions\/2034"}],"wp:attachment":[{"href":"http:\/\/web.digitalexpansion.com.ar\/index.php?rest_route=%2Fwp%2Fv2%2Fmedia&parent=2027"}],"curies":[{"name":"wp","href":"https:\/\/api.w.org\/{rel}","templated":true}]}}