{"id":2035,"date":"2022-04-28T18:51:22","date_gmt":"2022-04-28T18:51:22","guid":{"rendered":"http:\/\/web.digitalexpansion.com.ar\/?page_id=2035"},"modified":"2022-04-28T18:51:22","modified_gmt":"2022-04-28T18:51:22","slug":"almacenamiento-hibrido","status":"publish","type":"page","link":"http:\/\/web.digitalexpansion.com.ar\/?page_id=2035","title":{"rendered":"Almacenamiento Hibrido"},"content":{"rendered":"<p style=\"text-align: center;\"><strong>Controle sus costos con una combinaci\u00f3n optimizada de medios de almacenamiento a un precio accesible.<\/strong><\/p>\n<p style=\"text-align: center;\"><strong>Las soluciones de almacenamiento h\u00edbrido le permiten lograr el equilibrio entre rendimiento y accesibilidad con la colocaci\u00f3n impulsada por IA en sus dispositivos de disco y Flash m\u00e1s r\u00e1pidos sin comprometer la resiliencia de los datos.<\/strong><\/p>\n<ul>\n<li><strong>Redundancia de alto rendimiento<\/strong><\/li>\n<li><strong>Escalable para entornos de cualquier tama\u00f1o<\/strong><\/li>\n<li><strong>Soluci\u00f3n accesible y de alto valor<\/strong><\/li>\n<li><strong>Gesti\u00f3n de sistemas completamente integrada<\/strong><\/li>\n<li><strong>Habilitado para multinube<\/strong><\/li>\n<\/ul>\n<p>&nbsp;<\/p>\n<hr \/>\n<p>&nbsp;<\/p>\n<p style=\"text-align: center;\"><strong>FlashSystem 5000H<\/strong><\/p>\n<p>Es una soluci\u00f3n de almacenamiento rentable dise\u00f1ada para aumentar el rendimiento y ofrecer funciones de nivel empresarial.<\/p>\n<p><img loading=\"lazy\" decoding=\"async\" class=\"alignleft size-full wp-image-2036\" src=\"http:\/\/web.digitalexpansion.com.ar\/wp-content\/uploads\/2022\/04\/FlashSystem-5000H.jpg\" alt=\"\" width=\"472\" height=\"107\" srcset=\"http:\/\/web.digitalexpansion.com.ar\/wp-content\/uploads\/2022\/04\/FlashSystem-5000H.jpg 472w, http:\/\/web.digitalexpansion.com.ar\/wp-content\/uploads\/2022\/04\/FlashSystem-5000H-300x68.jpg 300w, http:\/\/web.digitalexpansion.com.ar\/wp-content\/uploads\/2022\/04\/FlashSystem-5000H-260x59.jpg 260w\" sizes=\"auto, (max-width: 472px) 100vw, 472px\" \/><\/p>\n<hr \/>\n<p>&nbsp;<\/p>\n<p style=\"text-align: center;\"><strong>FlashSystem 5200H<\/strong><\/p>\n<p>Es una soluci\u00f3n h\u00edbrida compacta y econ\u00f3mica, dise\u00f1ada para requisitos de almacenamiento empresarial, sin importar el tama\u00f1o de su empresa. Disfrute de m\u00e1s funciones y rendimiento en solo 1U.<\/p>\n<p><img loading=\"lazy\" decoding=\"async\" class=\"alignleft wp-image-2037 size-full\" src=\"http:\/\/web.digitalexpansion.com.ar\/wp-content\/uploads\/2022\/04\/5200H.png\" alt=\"\" width=\"603\" height=\"353\" srcset=\"http:\/\/web.digitalexpansion.com.ar\/wp-content\/uploads\/2022\/04\/5200H.png 603w, http:\/\/web.digitalexpansion.com.ar\/wp-content\/uploads\/2022\/04\/5200H-300x176.png 300w, http:\/\/web.digitalexpansion.com.ar\/wp-content\/uploads\/2022\/04\/5200H-260x152.png 260w\" sizes=\"auto, (max-width: 603px) 100vw, 603px\" \/><\/p>\n<p>&nbsp;<\/p>\n<hr \/>\n<p>&nbsp;<\/p>\n<p style=\"text-align: center;\"><strong>FlashSystem 7200H <\/strong><\/p>\n<p>Es una soluci\u00f3n NVMe end-to-end de costo optimizado con soporte de SCM para la aceleraci\u00f3n de Flash y expansiones de Flash h\u00edbrido opcionales para las cargas de trabajo de gama media.<\/p>\n<p><img loading=\"lazy\" decoding=\"async\" class=\"alignleft size-full wp-image-2040\" src=\"http:\/\/web.digitalexpansion.com.ar\/wp-content\/uploads\/2022\/04\/7200H-1.png\" alt=\"\" width=\"598\" height=\"352\" srcset=\"http:\/\/web.digitalexpansion.com.ar\/wp-content\/uploads\/2022\/04\/7200H-1.png 598w, http:\/\/web.digitalexpansion.com.ar\/wp-content\/uploads\/2022\/04\/7200H-1-300x177.png 300w, http:\/\/web.digitalexpansion.com.ar\/wp-content\/uploads\/2022\/04\/7200H-1-260x153.png 260w\" sizes=\"auto, (max-width: 598px) 100vw, 598px\" \/><\/p>\n<p>&nbsp;<\/p>\n","protected":false},"excerpt":{"rendered":"<p>Controle sus costos con una combinaci\u00f3n optimizada de medios de almacenamiento a un precio accesible. Las soluciones de almacenamiento h\u00edbrido le permiten lograr el equilibrio entre rendimiento y accesibilidad con la colocaci\u00f3n impulsada por IA en sus dispositivos de disco y Flash m\u00e1s r\u00e1pidos sin comprometer la resiliencia de los datos. Redundancia de alto rendimiento<\/p>\n","protected":false},"author":2,"featured_media":0,"parent":0,"menu_order":0,"comment_status":"closed","ping_status":"closed","template":"","meta":{"_acf_changed":false,"inline_featured_image":false,"footnotes":""},"class_list":["post-2035","page","type-page","status-publish","hentry"],"acf":[],"_links":{"self":[{"href":"http:\/\/web.digitalexpansion.com.ar\/index.php?rest_route=\/wp\/v2\/pages\/2035","targetHints":{"allow":["GET"]}}],"collection":[{"href":"http:\/\/web.digitalexpansion.com.ar\/index.php?rest_route=\/wp\/v2\/pages"}],"about":[{"href":"http:\/\/web.digitalexpansion.com.ar\/index.php?rest_route=\/wp\/v2\/types\/page"}],"author":[{"embeddable":true,"href":"http:\/\/web.digitalexpansion.com.ar\/index.php?rest_route=\/wp\/v2\/users\/2"}],"replies":[{"embeddable":true,"href":"http:\/\/web.digitalexpansion.com.ar\/index.php?rest_route=%2Fwp%2Fv2%2Fcomments&post=2035"}],"version-history":[{"count":2,"href":"http:\/\/web.digitalexpansion.com.ar\/index.php?rest_route=\/wp\/v2\/pages\/2035\/revisions"}],"predecessor-version":[{"id":2043,"href":"http:\/\/web.digitalexpansion.com.ar\/index.php?rest_route=\/wp\/v2\/pages\/2035\/revisions\/2043"}],"wp:attachment":[{"href":"http:\/\/web.digitalexpansion.com.ar\/index.php?rest_route=%2Fwp%2Fv2%2Fmedia&parent=2035"}],"curies":[{"name":"wp","href":"https:\/\/api.w.org\/{rel}","templated":true}]}}