{"id":2044,"date":"2022-04-28T19:00:31","date_gmt":"2022-04-28T19:00:31","guid":{"rendered":"http:\/\/web.digitalexpansion.com.ar\/?page_id=2044"},"modified":"2022-04-28T19:00:31","modified_gmt":"2022-04-28T19:00:31","slug":"proteccion-de-datos-modernos","status":"publish","type":"page","link":"http:\/\/web.digitalexpansion.com.ar\/?page_id=2044","title":{"rendered":"Proteccion de datos modernos"},"content":{"rendered":"<p style=\"text-align: center;\"><strong>Proteja sus datos cr\u00edticos de negocio con un enfoque integrado para el respaldo y la recuperaci\u00f3n de datos ante desastres.<\/strong><\/p>\n<p style=\"text-align: center;\"><strong>Las soluciones de almacenamiento para la protecci\u00f3n y la resiliencia cibern\u00e9tica de datos garantizan la continuidad de las operaciones, un mejor rendimiento y menores costos de infraestructura. Simplifique la copia de seguridad y recuperaci\u00f3n de VM, aplicaciones y contenedores, lo que mejora la eficiencia del almacenamiento y proporciona aislamiento de datos en toda su infraestructura de nube h\u00edbrida.<\/strong><\/p>\n<ul>\n<li style=\"text-align: center;\"><strong>Reduzca los costos operativos y de almacenamiento<\/strong><\/li>\n<li style=\"text-align: center;\"><strong>Protecci\u00f3n de datos con almacenamiento de objetos inmutable o en cinta<\/strong><\/li>\n<li style=\"text-align: center;\"><strong>Aumente la agilidad de la copia de seguridad y de la recuperaci\u00f3n de datos<\/strong><\/li>\n<\/ul>\n<p>&nbsp;<\/p>\n<hr \/>\n<h3><\/h3>\n<h3 style=\"text-align: center;\"><strong>Protecci\u00f3n de datos todo en uno<\/strong><\/h3>\n<p>Una soluci\u00f3n de protecci\u00f3n de datos integral para m\u00e1quinas virtuales, sistemas de archivos Windows\u00ae, bases de datos, aplicaciones, cargas de trabajo de SaaS y contenedores en entornos de nube h\u00edbrida. Las pol\u00edticas de SLA end-to-end agilizan la recuperaci\u00f3n operativa, la reutilizaci\u00f3n de datos y la retenci\u00f3n de datos a largo plazo.<\/p>\n<p>&nbsp;<\/p>\n<p><strong>IBM Spectrum Protect Plus<\/strong><\/p>\n<p>Es una soluci\u00f3n moderna de resiliencia de datos que proporciona recuperaci\u00f3n, r\u00e9plica, retenci\u00f3n y reutilizaci\u00f3n para m\u00e1quinas virtuales, bases de datos, aplicaciones, sistemas de archivos, cargas de trabajo de Software como Servicio (SaaS) y contenedores en entornos de nube h\u00edbrida. Se implementa f\u00e1cilmente como un dispositivo virtual o como una aplicaci\u00f3n de contenedor y la arquitectura sin agente facilita el mantenimiento. Genera valor a partir de sus datos al mejorar la calidad y velocidad del desarrollo, las pruebas y la anal\u00edtica. Las funciones rentables de retenci\u00f3n de datos, conformidad de los datos y recuperaci\u00f3n de desastres se logran mediante la copia de datos en el almacenamiento de objetos en las instalaciones, basado en la nube e IBM Spectrum Protect, incluido el soporte para la cinta f\u00edsica.<\/p>\n<p><img loading=\"lazy\" decoding=\"async\" class=\"alignleft size-full wp-image-2045\" src=\"http:\/\/web.digitalexpansion.com.ar\/wp-content\/uploads\/2022\/04\/IBM-Spectrum-Protect-Plus.png\" alt=\"\" width=\"186\" height=\"270\" srcset=\"http:\/\/web.digitalexpansion.com.ar\/wp-content\/uploads\/2022\/04\/IBM-Spectrum-Protect-Plus.png 186w, http:\/\/web.digitalexpansion.com.ar\/wp-content\/uploads\/2022\/04\/IBM-Spectrum-Protect-Plus-138x200.png 138w\" sizes=\"auto, (max-width: 186px) 100vw, 186px\" \/><\/p>\n<p>&nbsp;<\/p>\n<hr \/>\n<p>&nbsp;<\/p>\n<h3 style=\"text-align: center;\"><strong>Protecci\u00f3n escalable para el almacenamiento de datos<\/strong><\/h3>\n<p>Protecci\u00f3n de datos de almacenamiento escalable y probada para cargas de trabajo f\u00edsicas, virtuales y definidas por software en entornos de nube h\u00edbrida. Reduzca los costos de la infraestructura de copia de seguridad de datos a trav\u00e9s de la deduplicaci\u00f3n, la copia de seguridad incremental constante y la administraci\u00f3n basada en pol\u00edticas.<\/p>\n<p>&nbsp;<\/p>\n<p><strong>IBM Spectrum Protect<\/strong><\/p>\n<p>Proporciona una amplia protecci\u00f3n de datos para servidores de archivos f\u00edsicos, as\u00ed como entornos virtuales y una diversa gama de aplicaciones. Las organizaciones pueden escalar de manera horizontal para administrar miles de millones de objetos por servidor de copia de seguridad. Estos pueden ayudarle a reducir los costos de infraestructura para copias de seguridad con capacidades de eficiencia de datos incorporadas y la posibilidad de migrar o copiar datos en cinta, servicios de nube p\u00fablica y almacenamiento de objetos a nivel local. IBM Spectrum Protect tambi\u00e9n puede almacenar datos de IBM Spectrum Protect Plus, lo que da la posibilidad de aprovechar los recursos actuales para retener datos a largo plazo y la recuperaci\u00f3n ante desastres.<\/p>\n<p><img loading=\"lazy\" decoding=\"async\" class=\"alignleft  wp-image-2046\" src=\"http:\/\/web.digitalexpansion.com.ar\/wp-content\/uploads\/2022\/04\/ibm-spectrum-protect.jpg\" alt=\"\" width=\"209\" height=\"274\" srcset=\"http:\/\/web.digitalexpansion.com.ar\/wp-content\/uploads\/2022\/04\/ibm-spectrum-protect.jpg 296w, http:\/\/web.digitalexpansion.com.ar\/wp-content\/uploads\/2022\/04\/ibm-spectrum-protect-229x300.jpg 229w, http:\/\/web.digitalexpansion.com.ar\/wp-content\/uploads\/2022\/04\/ibm-spectrum-protect-153x200.jpg 153w\" sizes=\"auto, (max-width: 209px) 100vw, 209px\" \/><\/p>\n<p>&nbsp;<\/p>\n<hr \/>\n<h3><\/h3>\n<h3 style=\"text-align: center;\"><strong>Gesti\u00f3n avanzada de datos de copia<\/strong><\/h3>\n<p>Una soluci\u00f3n simplificada, f\u00e1cil de acceder que incluye un portal de autoservicio para que las copias est\u00e9n a disposici\u00f3n de los consumidores de datos cuando y donde las necesiten, sin crear copias innecesarias ni dejar copias sin utilizar en un almacenamiento valioso.<\/p>\n<p><strong>IBM Spectrum Copy Data Management<\/strong><\/p>\n<p>Pone las copias a disposici\u00f3n de los consumidores de datos cuando y donde las necesitan, sin crear copias innecesarias ni dejar copias sin utilizar en almacenamiento valioso. Organice la gesti\u00f3n de r\u00e9plicas y de instant\u00e1neas con reconocimiento de aplicaciones para entornos de almacenamiento. Los procesos y flujos de trabajo de copia est\u00e1n automatizados para garantizar la coherencia y reducir la complejidad.<\/p>\n<p><img loading=\"lazy\" decoding=\"async\" class=\"alignleft size-full wp-image-2047\" src=\"http:\/\/web.digitalexpansion.com.ar\/wp-content\/uploads\/2022\/04\/IBM-Spectrum-Copy-Data-Management.jpg\" alt=\"\" width=\"169\" height=\"258\" srcset=\"http:\/\/web.digitalexpansion.com.ar\/wp-content\/uploads\/2022\/04\/IBM-Spectrum-Copy-Data-Management.jpg 169w, http:\/\/web.digitalexpansion.com.ar\/wp-content\/uploads\/2022\/04\/IBM-Spectrum-Copy-Data-Management-131x200.jpg 131w\" sizes=\"auto, (max-width: 169px) 100vw, 169px\" \/><\/p>\n<p>&nbsp;<\/p>\n<hr \/>\n<h3><\/h3>\n<h3 style=\"text-align: center;\"><strong>Almacenamiento empresarial con resiliencia cibern\u00e9tica<\/strong><\/h3>\n<p>Un sistema de m\u00e1xima protecci\u00f3n cibern\u00e9tica que facilita el almacenamiento inmutable, lo que impide que los datos de producci\u00f3n se modifiquen o eliminen cuando se produce un ciberataque.<\/p>\n<p><strong>IBM DS8900F<\/strong><\/p>\n<p>Dise\u00f1ado para cargas de trabajo de misi\u00f3n cr\u00edtica y con gran volumen de datos, ofrece rendimiento de nivel superior, protecci\u00f3n de datos, resiliencia y disponibilidad para sus soluciones de multinube h\u00edbrida por medio de latencia ultrabaja, una disponibilidad de m\u00e1s del 99,99999 %, sistema transparente de niveles de la nube y protecci\u00f3n avanzada contra malware y ransomware.<\/p>\n<p><img loading=\"lazy\" decoding=\"async\" class=\"alignleft size-full wp-image-2048\" src=\"http:\/\/web.digitalexpansion.com.ar\/wp-content\/uploads\/2022\/04\/IBM-DS8900F.jpg\" alt=\"\" width=\"225\" height=\"225\" srcset=\"http:\/\/web.digitalexpansion.com.ar\/wp-content\/uploads\/2022\/04\/IBM-DS8900F.jpg 225w, http:\/\/web.digitalexpansion.com.ar\/wp-content\/uploads\/2022\/04\/IBM-DS8900F-200x200.jpg 200w\" sizes=\"auto, (max-width: 225px) 100vw, 225px\" \/><\/p>\n<ul>\n<li>Tiempos de respuesta de aplicaci\u00f3n r\u00e1pidos<\/li>\n<li>Dise\u00f1o optimizado para IBM z15 y IBM LinuxONE III<\/li>\n<li>Recuperaci\u00f3n avanzada ante desastres con tres y hasta cuatro sitios de replicaci\u00f3n<\/li>\n<li>Copia protegida para protecci\u00f3n contra malware y ransomware<\/li>\n<li>Transparent Cloud Tiering<\/li>\n<li>Contenedores cr\u00edticos<\/li>\n<li>IBM Copy Services Manager<\/li>\n<li>Ubicaci\u00f3n inteligente de datos a lo largo de niveles de Flash<\/li>\n<li>Gesti\u00f3n impulsada por IA y soporte proactivo<\/li>\n<\/ul>\n<p>&nbsp;<\/p>\n<hr \/>\n<h3><\/h3>\n<h3 style=\"text-align: center;\"><strong>Protecci\u00f3n air gap de IBM Tape<\/strong><\/h3>\n<p>Evite la corrupci\u00f3n de datos por ataques de malware o ransomware con soluciones en cinta, que a\u00edslan f\u00edsicamente los datos de una red de \u00e1rea local.<\/p>\n<p><strong>Familia de cintas virtuales IBM TS7770<\/strong><\/p>\n<p><img loading=\"lazy\" decoding=\"async\" class=\"alignleft size-full wp-image-2049\" src=\"http:\/\/web.digitalexpansion.com.ar\/wp-content\/uploads\/2022\/04\/IBM-TS7770.jpg\" alt=\"\" width=\"242\" height=\"208\" srcset=\"http:\/\/web.digitalexpansion.com.ar\/wp-content\/uploads\/2022\/04\/IBM-TS7770.jpg 242w, http:\/\/web.digitalexpansion.com.ar\/wp-content\/uploads\/2022\/04\/IBM-TS7770-233x200.jpg 233w\" sizes=\"auto, (max-width: 242px) 100vw, 242px\" \/><\/p>\n<ul>\n<li>Integraci\u00f3n sin interrupciones de la multinube h\u00edbrida con la recuperaci\u00f3n ante desastres basada en la nube para el almacenamiento en cinta<\/li>\n<li>Encriptaci\u00f3n para todos los datos de red<\/li>\n<li>Opci\u00f3n de menos espacio f\u00edsico utilizado a un costo inicial m\u00e1s bajo disponible<\/li>\n<li>Capacidad m\u00e1xima (nativa) de 3.94 PB<\/li>\n<li>Tipo de unidad: TS1100<\/li>\n<\/ul>\n<p><strong>\u00a0<\/strong><\/p>\n<h4>IBM TS2280 Tape Drive<\/h4>\n<p><img loading=\"lazy\" decoding=\"async\" class=\"alignleft size-full wp-image-2050\" src=\"http:\/\/web.digitalexpansion.com.ar\/wp-content\/uploads\/2022\/04\/IBM-TS2280-Tape-Drive.jpg\" alt=\"\" width=\"310\" height=\"163\" srcset=\"http:\/\/web.digitalexpansion.com.ar\/wp-content\/uploads\/2022\/04\/IBM-TS2280-Tape-Drive.jpg 310w, http:\/\/web.digitalexpansion.com.ar\/wp-content\/uploads\/2022\/04\/IBM-TS2280-Tape-Drive-300x158.jpg 300w, http:\/\/web.digitalexpansion.com.ar\/wp-content\/uploads\/2022\/04\/IBM-TS2280-Tape-Drive-260x137.jpg 260w\" sizes=\"auto, (max-width: 310px) 100vw, 310px\" \/><\/p>\n<ul>\n<li>Capacidad m\u00e1xima de formato de 12 TB (nativa)<\/li>\n<li>Otras capacidades de formato (nativas): 6 TB (LTO-7), 9 TB (LTO-7 Tipo M)<\/li>\n<li>Velocidad de transferencia de datos nativa de 300 MB\/s<\/li>\n<\/ul>\n<h4><\/h4>\n<h4>IBM TS2270 Tape Drive<\/h4>\n<p><img loading=\"lazy\" decoding=\"async\" class=\"alignleft size-full wp-image-2051\" src=\"http:\/\/web.digitalexpansion.com.ar\/wp-content\/uploads\/2022\/04\/IBM-TS2270-Tape-Drive.jpg\" alt=\"\" width=\"292\" height=\"173\" srcset=\"http:\/\/web.digitalexpansion.com.ar\/wp-content\/uploads\/2022\/04\/IBM-TS2270-Tape-Drive.jpg 292w, http:\/\/web.digitalexpansion.com.ar\/wp-content\/uploads\/2022\/04\/IBM-TS2270-Tape-Drive-260x154.jpg 260w\" sizes=\"auto, (max-width: 292px) 100vw, 292px\" \/><\/p>\n<ul>\n<li>Capacidad m\u00e1xima de formato de 6TB (nativa)<\/li>\n<li>Otras capacidades de formato (nativas): 2.5 TB (LTO-6), 1.5 TB (LTO-5 R\/O)<\/li>\n<li>Velocidad de transferencia de datos nativa de 300 MB\/s<\/li>\n<\/ul>\n<p>&nbsp;<\/p>\n<h4>IBM TS2260 Tape Drive<\/h4>\n<p><img loading=\"lazy\" decoding=\"async\" class=\"alignleft size-full wp-image-2052\" src=\"http:\/\/web.digitalexpansion.com.ar\/wp-content\/uploads\/2022\/04\/IBM-TS2260-Tape-Drive.jpg\" alt=\"\" width=\"292\" height=\"173\" srcset=\"http:\/\/web.digitalexpansion.com.ar\/wp-content\/uploads\/2022\/04\/IBM-TS2260-Tape-Drive.jpg 292w, http:\/\/web.digitalexpansion.com.ar\/wp-content\/uploads\/2022\/04\/IBM-TS2260-Tape-Drive-260x154.jpg 260w\" sizes=\"auto, (max-width: 292px) 100vw, 292px\" \/><\/p>\n<ul>\n<li>Capacidad m\u00e1xima de formato de 2.5 TB (nativa)<\/li>\n<li>Otras capacidades de formato (nativas): 1.5 TB (LTO-5), 800 GB (LTO-4 R\/O)<\/li>\n<li>Velocidad de transferencia de datos nativa de 160 MB\/s<\/li>\n<\/ul>\n<p>&nbsp;<\/p>\n<p>&nbsp;<\/p>\n<p><strong>IBM\u00ae LTO Ultrium 8 (LTO 8)<\/strong> cartucho de datos que ofrece el doble de la capacidad de almacenamiento de la generaci\u00f3n anterior para preservar datos a largo plazo y permite acceder a ellos de forma r\u00e1pida y confiable.<\/p>\n<p><img loading=\"lazy\" decoding=\"async\" class=\"alignleft size-full wp-image-2053\" src=\"http:\/\/web.digitalexpansion.com.ar\/wp-content\/uploads\/2022\/04\/IBM\u00ae-LTO-Ultrium-8-LTO-8.jpg\" alt=\"\" width=\"300\" height=\"168\" srcset=\"http:\/\/web.digitalexpansion.com.ar\/wp-content\/uploads\/2022\/04\/IBM\u00ae-LTO-Ultrium-8-LTO-8.jpg 300w, http:\/\/web.digitalexpansion.com.ar\/wp-content\/uploads\/2022\/04\/IBM\u00ae-LTO-Ultrium-8-LTO-8-260x146.jpg 260w\" sizes=\"auto, (max-width: 300px) 100vw, 300px\" \/><\/p>\n<p><strong>IBM 3592 Tape Cartridge<\/strong><\/p>\n<p><img loading=\"lazy\" decoding=\"async\" class=\"alignleft size-full wp-image-2054\" src=\"http:\/\/web.digitalexpansion.com.ar\/wp-content\/uploads\/2022\/04\/IBM-3592-Tape-Cartridge.jpg\" alt=\"\" width=\"203\" height=\"249\" srcset=\"http:\/\/web.digitalexpansion.com.ar\/wp-content\/uploads\/2022\/04\/IBM-3592-Tape-Cartridge.jpg 203w, http:\/\/web.digitalexpansion.com.ar\/wp-content\/uploads\/2022\/04\/IBM-3592-Tape-Cartridge-163x200.jpg 163w\" sizes=\"auto, (max-width: 203px) 100vw, 203px\" \/><\/p>\n<p>Admite la reutilizaci\u00f3n de media, permitiendo que la unidad vuelva a formatear y actualizar cartuchos de media de la generaci\u00f3n anterior.<\/p>\n<p>&nbsp;<\/p>\n<h4>IBM TS4500 Tape Library<\/h4>\n<p><img loading=\"lazy\" decoding=\"async\" class=\"alignleft size-full wp-image-2055\" src=\"http:\/\/web.digitalexpansion.com.ar\/wp-content\/uploads\/2022\/04\/IBM-TS4500-Tape-Library.jpg\" alt=\"\" width=\"300\" height=\"168\" srcset=\"http:\/\/web.digitalexpansion.com.ar\/wp-content\/uploads\/2022\/04\/IBM-TS4500-Tape-Library.jpg 300w, http:\/\/web.digitalexpansion.com.ar\/wp-content\/uploads\/2022\/04\/IBM-TS4500-Tape-Library-260x146.jpg 260w\" sizes=\"auto, (max-width: 300px) 100vw, 300px\" \/><\/p>\n<p>Biblioteca de almacenamiento en la nube de \u00faltima generaci\u00f3n<\/p>\n<ul>\n<li>Capacidad m\u00e1xima con LTO-8 \/ TS1160: 278 PB \/ 351 PB<\/li>\n<li>Tipo(s) de unidad: LTO y\/o TS1100<\/li>\n<li>Cantidad m\u00e1xima de unidades: 128<\/li>\n<\/ul>\n<p>&nbsp;<\/p>\n<h4>IBM TS4300 Tape Library<\/h4>\n<p><img loading=\"lazy\" decoding=\"async\" class=\"alignleft size-full wp-image-2056\" src=\"http:\/\/web.digitalexpansion.com.ar\/wp-content\/uploads\/2022\/04\/IBM-TS4300-Tape-Library.jpg\" alt=\"\" width=\"266\" height=\"189\" srcset=\"http:\/\/web.digitalexpansion.com.ar\/wp-content\/uploads\/2022\/04\/IBM-TS4300-Tape-Library.jpg 266w, http:\/\/web.digitalexpansion.com.ar\/wp-content\/uploads\/2022\/04\/IBM-TS4300-Tape-Library-260x185.jpg 260w\" sizes=\"auto, (max-width: 266px) 100vw, 266px\" \/><\/p>\n<p>Biblioteca de alta densidad, altamente escalable y f\u00e1cil de gestionar<\/p>\n<ul>\n<li>Capacidad m\u00e1xima con LTO-8: 3.36 PB<\/li>\n<li>Tipo(s) de unidad: LTO FH &amp; HH<\/li>\n<li>Cantidad m\u00e1xima de unidades: 21<\/li>\n<\/ul>\n<p>&nbsp;<\/p>\n<h4>TS2900 Tape Autoloader<\/h4>\n<p><img loading=\"lazy\" decoding=\"async\" class=\"alignleft size-full wp-image-2057\" src=\"http:\/\/web.digitalexpansion.com.ar\/wp-content\/uploads\/2022\/04\/TS2900-Tape-Autoloader.jpg\" alt=\"\" width=\"299\" height=\"168\" srcset=\"http:\/\/web.digitalexpansion.com.ar\/wp-content\/uploads\/2022\/04\/TS2900-Tape-Autoloader.jpg 299w, http:\/\/web.digitalexpansion.com.ar\/wp-content\/uploads\/2022\/04\/TS2900-Tape-Autoloader-260x146.jpg 260w\" sizes=\"auto, (max-width: 299px) 100vw, 299px\" \/><\/p>\n<p>Almacenamiento en cinta IBM LTO b\u00e1sico y de bajo perfil<\/p>\n<ul>\n<li>Capacidad m\u00e1xima con LTO-8: 108 TB<\/li>\n<li>Tipo(s) de unidad: LTO HH SAS<\/li>\n<li>Cantidad m\u00e1xima de unidades: 1<\/li>\n<\/ul>\n<p>&nbsp;<\/p>\n<hr \/>\n<h2><\/h2>\n<h3 style=\"text-align: center;\"><strong>Software de gesti\u00f3n de cintas<\/strong><\/h3>\n<p>&nbsp;<\/p>\n<p>IBM Spectrum Archive\u00a0hace que el almacenamiento en cinta sea tan f\u00e1cil de utilizar como el almacenamiento en disco al incorporar el formato est\u00e1ndar LFS (Linear Tape File System) para leer, escribir e intercambiar metadatos en cintas formateadas.<\/p>\n<p>&nbsp;<\/p>\n<hr \/>\n<h3><\/h3>\n<h3 style=\"text-align: center;\"><strong>Soluciones de resiliencia cibern\u00e9tica de alto rendimiento<\/strong><\/h3>\n<p>&nbsp;<\/p>\n<p>IBM FlashSystem a\u00f1ade una capa de protecci\u00f3n con copias inalterables y aisladas para hacer frente a las amenazas cambiantes de hoy, lo que le permite recuperarse r\u00e1pidamente despu\u00e9s de un ciberataque.<\/p>\n<p><strong>\u00a0<\/strong><\/p>\n","protected":false},"excerpt":{"rendered":"<p>Proteja sus datos cr\u00edticos de negocio con un enfoque integrado para el respaldo y la recuperaci\u00f3n de datos ante desastres. Las soluciones de almacenamiento para la protecci\u00f3n y la resiliencia cibern\u00e9tica de datos garantizan la continuidad de las operaciones, un mejor rendimiento y menores costos de infraestructura. Simplifique la copia de seguridad y recuperaci\u00f3n de<\/p>\n","protected":false},"author":2,"featured_media":0,"parent":0,"menu_order":0,"comment_status":"closed","ping_status":"closed","template":"","meta":{"_acf_changed":false,"inline_featured_image":false,"footnotes":""},"class_list":["post-2044","page","type-page","status-publish","hentry"],"acf":[],"_links":{"self":[{"href":"http:\/\/web.digitalexpansion.com.ar\/index.php?rest_route=\/wp\/v2\/pages\/2044","targetHints":{"allow":["GET"]}}],"collection":[{"href":"http:\/\/web.digitalexpansion.com.ar\/index.php?rest_route=\/wp\/v2\/pages"}],"about":[{"href":"http:\/\/web.digitalexpansion.com.ar\/index.php?rest_route=\/wp\/v2\/types\/page"}],"author":[{"embeddable":true,"href":"http:\/\/web.digitalexpansion.com.ar\/index.php?rest_route=\/wp\/v2\/users\/2"}],"replies":[{"embeddable":true,"href":"http:\/\/web.digitalexpansion.com.ar\/index.php?rest_route=%2Fwp%2Fv2%2Fcomments&post=2044"}],"version-history":[{"count":1,"href":"http:\/\/web.digitalexpansion.com.ar\/index.php?rest_route=\/wp\/v2\/pages\/2044\/revisions"}],"predecessor-version":[{"id":2060,"href":"http:\/\/web.digitalexpansion.com.ar\/index.php?rest_route=\/wp\/v2\/pages\/2044\/revisions\/2060"}],"wp:attachment":[{"href":"http:\/\/web.digitalexpansion.com.ar\/index.php?rest_route=%2Fwp%2Fv2%2Fmedia&parent=2044"}],"curies":[{"name":"wp","href":"https:\/\/api.w.org\/{rel}","templated":true}]}}