{"id":2068,"date":"2022-04-28T19:04:54","date_gmt":"2022-04-28T19:04:54","guid":{"rendered":"http:\/\/web.digitalexpansion.com.ar\/?page_id=2068"},"modified":"2022-04-28T19:04:54","modified_gmt":"2022-04-28T19:04:54","slug":"redes-de-area-de-almacenamiento-san","status":"publish","type":"page","link":"http:\/\/web.digitalexpansion.com.ar\/?page_id=2068","title":{"rendered":"Redes de \u00e1rea de almacenamiento (SAN)"},"content":{"rendered":"<p style=\"text-align: center;\"><strong>Aproveche el uso compartido de datos en toda la empresa y la colaboraci\u00f3n con conmutadores, directores y direccionadores inteligentes de SAN.<\/strong><\/p>\n<p>&nbsp;<\/p>\n<hr \/>\n<h3><\/h3>\n<h3 style=\"text-align: center;\"><strong>C<\/strong><strong>onmutadores y direcci\u00f3n empresarial de tipo b de SAN<\/strong><\/h3>\n<p>La familia tipo b de IBM es la infraestructura de red de almacenamiento moderna para el almacenamiento de misi\u00f3n cr\u00edtica para una SAN aut\u00f3noma de autoaprendizaje, autooptimizaci\u00f3n y autorreparaci\u00f3n.<\/p>\n<p><img loading=\"lazy\" decoding=\"async\" class=\"alignleft  wp-image-2069\" src=\"http:\/\/web.digitalexpansion.com.ar\/wp-content\/uploads\/2022\/04\/Conmutador-tipo-b-de-San.jpg\" alt=\"\" width=\"340\" height=\"255\" srcset=\"http:\/\/web.digitalexpansion.com.ar\/wp-content\/uploads\/2022\/04\/Conmutador-tipo-b-de-San.jpg 259w, http:\/\/web.digitalexpansion.com.ar\/wp-content\/uploads\/2022\/04\/Conmutador-tipo-b-de-San-120x90.jpg 120w\" sizes=\"auto, (max-width: 340px) 100vw, 340px\" \/><\/p>\n<p>&nbsp;<\/p>\n<hr \/>\n<h3><\/h3>\n<h3 style=\"text-align: center;\"><strong>Conmutador Cisco para SAN<\/strong><\/h3>\n<p>La familia tipo c de IBM complementa a IBM Storage con rendimiento, escalabilidad, seguridad y conectividad de red l\u00edderes en la industria en factores de forma densa.<\/p>\n<p><img loading=\"lazy\" decoding=\"async\" class=\"alignleft  wp-image-2070\" src=\"http:\/\/web.digitalexpansion.com.ar\/wp-content\/uploads\/2022\/04\/Conmutador-Cisco-para-SAN.jpg\" alt=\"\" width=\"343\" height=\"343\" srcset=\"http:\/\/web.digitalexpansion.com.ar\/wp-content\/uploads\/2022\/04\/Conmutador-Cisco-para-SAN.jpg 225w, http:\/\/web.digitalexpansion.com.ar\/wp-content\/uploads\/2022\/04\/Conmutador-Cisco-para-SAN-200x200.jpg 200w\" sizes=\"auto, (max-width: 343px) 100vw, 343px\" \/><\/p>\n","protected":false},"excerpt":{"rendered":"<p>Aproveche el uso compartido de datos en toda la empresa y la colaboraci\u00f3n con conmutadores, directores y direccionadores inteligentes de SAN. &nbsp; Conmutadores y direcci\u00f3n empresarial de tipo b de SAN La familia tipo b de IBM es la infraestructura de red de almacenamiento moderna para el almacenamiento de misi\u00f3n cr\u00edtica para una SAN aut\u00f3noma<\/p>\n","protected":false},"author":2,"featured_media":0,"parent":0,"menu_order":0,"comment_status":"closed","ping_status":"closed","template":"","meta":{"_acf_changed":false,"inline_featured_image":false,"footnotes":""},"class_list":["post-2068","page","type-page","status-publish","hentry"],"acf":[],"_links":{"self":[{"href":"http:\/\/web.digitalexpansion.com.ar\/index.php?rest_route=\/wp\/v2\/pages\/2068","targetHints":{"allow":["GET"]}}],"collection":[{"href":"http:\/\/web.digitalexpansion.com.ar\/index.php?rest_route=\/wp\/v2\/pages"}],"about":[{"href":"http:\/\/web.digitalexpansion.com.ar\/index.php?rest_route=\/wp\/v2\/types\/page"}],"author":[{"embeddable":true,"href":"http:\/\/web.digitalexpansion.com.ar\/index.php?rest_route=\/wp\/v2\/users\/2"}],"replies":[{"embeddable":true,"href":"http:\/\/web.digitalexpansion.com.ar\/index.php?rest_route=%2Fwp%2Fv2%2Fcomments&post=2068"}],"version-history":[{"count":2,"href":"http:\/\/web.digitalexpansion.com.ar\/index.php?rest_route=\/wp\/v2\/pages\/2068\/revisions"}],"predecessor-version":[{"id":2103,"href":"http:\/\/web.digitalexpansion.com.ar\/index.php?rest_route=\/wp\/v2\/pages\/2068\/revisions\/2103"}],"wp:attachment":[{"href":"http:\/\/web.digitalexpansion.com.ar\/index.php?rest_route=%2Fwp%2Fv2%2Fmedia&parent=2068"}],"curies":[{"name":"wp","href":"https:\/\/api.w.org\/{rel}","templated":true}]}}