{"id":2078,"date":"2022-04-28T19:12:53","date_gmt":"2022-04-28T19:12:53","guid":{"rendered":"http:\/\/web.digitalexpansion.com.ar\/?page_id=2078"},"modified":"2022-04-28T19:12:53","modified_gmt":"2022-04-28T19:12:53","slug":"almacenamiento-de-nube-hibrida","status":"publish","type":"page","link":"http:\/\/web.digitalexpansion.com.ar\/?page_id=2078","title":{"rendered":"Almacenamiento de nube Hibrida"},"content":{"rendered":"<p style=\"text-align: center;\"><strong>El almacenamiento empresarial habilitado para contenedores le ayuda a reducir la complejidad de su negocio ya que se implementa f\u00e1cilmente en entornos de almacenamiento en nube h\u00edbrido y local.<\/strong><\/p>\n<p>&nbsp;<\/p>\n<hr \/>\n<p>&nbsp;<\/p>\n<p><strong><span style=\"color: #3366ff;\">Almacenamiento local con IBM FlashSystem<\/span><\/strong> que proporcionan un alto rendimiento, una funci\u00f3n y disponibilidad de nivel empresarial, y un uso sencillo gracias a la inteligencia artificial.<\/p>\n<p>&nbsp;<\/p>\n<hr \/>\n<p>&nbsp;<\/p>\n<p><span style=\"color: #3366ff;\"><strong>Duplique el almacenamiento local y en la nube<\/strong><\/span> con IBM Spectrum Virtualize for Public Cloud.<\/p>\n<p>&nbsp;<\/p>\n<hr \/>\n<p>&nbsp;<\/p>\n<p><strong><span style=\"color: #3366ff;\">Gesti\u00f3n de almacenamiento en la nube con IBM Storage Insights<\/span><\/strong>, que ofrece informaci\u00f3n basada en inteligencia artificial sobre su rendimiento y capacidad, as\u00ed como alertas accionables y soporte optimizado.<\/p>\n<p>&nbsp;<\/p>\n<hr \/>\n<p>&nbsp;<\/p>\n<p><strong><span style=\"color: #3366ff;\">Almacenamiento potente y seguro en la nube h\u00edbrida<\/span><\/strong> con IBM Storage Suite for IBM Cloud Paks\u00a0.<\/p>\n<p>&nbsp;<\/p>\n<hr \/>\n<p>&nbsp;<\/p>\n<p><strong><span style=\"color: #3366ff;\">Servicios durables de almacenamiento para contenedores<\/span><\/strong> con Red Hat Openshift.<\/p>\n<p>&nbsp;<\/p>\n<hr \/>\n<p>&nbsp;<\/p>\n<p><span style=\"color: #3366ff;\"><strong>Protecci\u00f3n de datos escalables<\/strong><\/span> con IBM Spectrum Protect\u00a0.<\/p>\n<p>&nbsp;<\/p>\n<hr \/>\n<p>&nbsp;<\/p>\n<p><strong><span style=\"color: #3366ff;\">Protecci\u00f3n de datos en la nube h\u00edbrida<\/span><\/strong> con IBM Spectrum Protect\u00a0 Plus.<\/p>\n<p>&nbsp;<\/p>\n<hr \/>\n<p>&nbsp;<\/p>\n<p><strong><span style=\"color: #3366ff;\">Gesti\u00f3n de copia de datos<\/span> <\/strong>con IBM Spectrum Copy Data Management\u00a0.<\/p>\n<p>&nbsp;<\/p>\n<hr \/>\n<p>&nbsp;<\/p>\n<p><strong><span style=\"color: #3366ff;\">Simplificaci\u00f3n de la nube h\u00edbrida, reducci\u00f3n de costos de almacenamiento con IBM Spectrum Virtualize, el n\u00facleo del sistema de almacenamiento<\/span><\/strong> de IBM FlashSystem de implementaci\u00f3n local y en la nube p\u00fablica.<\/p>\n<p>&nbsp;<\/p>\n<p>&nbsp;<\/p>\n","protected":false},"excerpt":{"rendered":"<p>El almacenamiento empresarial habilitado para contenedores le ayuda a reducir la complejidad de su negocio ya que se implementa f\u00e1cilmente en entornos de almacenamiento en nube h\u00edbrido y local. &nbsp; &nbsp; Almacenamiento local con IBM FlashSystem que proporcionan un alto rendimiento, una funci\u00f3n y disponibilidad de nivel empresarial, y un uso sencillo gracias a la<\/p>\n","protected":false},"author":2,"featured_media":0,"parent":0,"menu_order":0,"comment_status":"closed","ping_status":"closed","template":"","meta":{"_acf_changed":false,"inline_featured_image":false,"footnotes":""},"class_list":["post-2078","page","type-page","status-publish","hentry"],"acf":[],"_links":{"self":[{"href":"http:\/\/web.digitalexpansion.com.ar\/index.php?rest_route=\/wp\/v2\/pages\/2078","targetHints":{"allow":["GET"]}}],"collection":[{"href":"http:\/\/web.digitalexpansion.com.ar\/index.php?rest_route=\/wp\/v2\/pages"}],"about":[{"href":"http:\/\/web.digitalexpansion.com.ar\/index.php?rest_route=\/wp\/v2\/types\/page"}],"author":[{"embeddable":true,"href":"http:\/\/web.digitalexpansion.com.ar\/index.php?rest_route=\/wp\/v2\/users\/2"}],"replies":[{"embeddable":true,"href":"http:\/\/web.digitalexpansion.com.ar\/index.php?rest_route=%2Fwp%2Fv2%2Fcomments&post=2078"}],"version-history":[{"count":2,"href":"http:\/\/web.digitalexpansion.com.ar\/index.php?rest_route=\/wp\/v2\/pages\/2078\/revisions"}],"predecessor-version":[{"id":2082,"href":"http:\/\/web.digitalexpansion.com.ar\/index.php?rest_route=\/wp\/v2\/pages\/2078\/revisions\/2082"}],"wp:attachment":[{"href":"http:\/\/web.digitalexpansion.com.ar\/index.php?rest_route=%2Fwp%2Fv2%2Fmedia&parent=2078"}],"curies":[{"name":"wp","href":"https:\/\/api.w.org\/{rel}","templated":true}]}}