{"id":2083,"date":"2022-04-28T19:14:47","date_gmt":"2022-04-28T19:14:47","guid":{"rendered":"http:\/\/web.digitalexpansion.com.ar\/?page_id=2083"},"modified":"2022-04-28T19:14:47","modified_gmt":"2022-04-28T19:14:47","slug":"almacenamiento-de-nube-privada","status":"publish","type":"page","link":"http:\/\/web.digitalexpansion.com.ar\/?page_id=2083","title":{"rendered":"Almacenamiento de nube privada"},"content":{"rendered":"<p style=\"text-align: center;\"><strong>La aceleraci\u00f3n nativa de la nube le ayuda a crear un almacenamiento potente, \u00e1gil y seguro para entornos de nube privados.<\/strong><\/p>\n<p>&nbsp;<\/p>\n<hr \/>\n<p>&nbsp;<\/p>\n<p><span style=\"color: #3366ff;\"><strong>Storage Flash on-premise<\/strong><\/span>: simplifique su storage flash con la familia IBM FlashSystem, DS8900F y las soluciones Elastic Storage System, brindando gran performance, funciones y disponibilidad de clase empresarial y facilidad de uso con infusi\u00f3n de IA.<\/p>\n<p>&nbsp;<\/p>\n<hr \/>\n<p>&nbsp;<\/p>\n<p>&nbsp;<\/p>\n<p><span style=\"color: #3366ff;\"><strong>Servicios de datos empresariales a trav\u00e9s de nubes: <\/strong><\/span>construya su almacenamiento de nube h\u00edbrida con IBM Spectrum Virtualize for Public Cloud. Habilitando la misma capacidad en la nube que FlashSystem en las instalaciones, esta es la soluci\u00f3n simple para el almacenamiento en la nube, sin bloqueo en la nube.<\/p>\n<p>&nbsp;<\/p>\n<hr \/>\n<p>&nbsp;<\/p>\n<p><strong><span style=\"color: #3366ff;\">Operaciones TI impulsadas por AI<\/span>:<\/strong> monitoree todo su storage de la\u00a0 nube con IBM Storage Insights. Obtenga informaci\u00f3n provista por AI en rendimiento y capacidad, alertas accionables y soporte din\u00e1mico.<\/p>\n<p>&nbsp;<\/p>\n<hr \/>\n<p>&nbsp;<\/p>\n<p><span style=\"color: #3366ff;\"><strong>Almacenamiento de nube h\u00edbrida poderoso y seguro<\/strong>:<\/span> implemente una soluci\u00f3n de storage definida por software y traiga servicios de datos empresariales a su entorno de containers Red Hat Openshift .<\/p>\n<p>&nbsp;<\/p>\n<hr \/>\n<p>&nbsp;<\/p>\n<p><span style=\"color: #3366ff;\"><strong>Servicios de almacenamiento persistente para contenedores: <\/strong><\/span>obtenga la base y coordinaci\u00f3n de storage necesaria para construir un entorno de nube h\u00edbrida robusto<\/p>\n<p>&nbsp;<\/p>\n<hr \/>\n<p>&nbsp;<\/p>\n<p><strong><span style=\"color: #3366ff;\">Protecci\u00f3n de datos escalable<\/span>: <\/strong>proteja miles de millones de objetos por servidor de backup con proteccion de datos escalable. Monitoree su entorno de almacenamiento, detecte r\u00e1pidamente se\u00f1ales de ataques de ransomware, y reciba notificaciones de seguridad proactivas.<\/p>\n<p>&nbsp;<\/p>\n<hr \/>\n<p>&nbsp;<\/p>\n<p><span style=\"color: #3366ff;\"><strong>Protecci\u00f3n de datos de nube h\u00edbrida: <\/strong><\/span>obtenga recuperaci\u00f3n casi instant\u00e1nea, replicaciones, retenci\u00f3n y reutilizaci\u00f3n para VMs, bases de datos y contenedores en entornos de nube h\u00edbrida.<\/p>\n<p>&nbsp;<\/p>\n<hr \/>\n<p>&nbsp;<\/p>\n<p><span style=\"color: #3366ff;\"><strong>Copy data management<\/strong>:<\/span> hablitite a los consumidores de datos a hacer copias con un portal de autoservicio cu\u00e1ndo y d\u00f3nde\u00a0 necesiten (on premise o en la nube) mientras optimizan el uso de storage para reducir costos.<\/p>\n","protected":false},"excerpt":{"rendered":"<p>La aceleraci\u00f3n nativa de la nube le ayuda a crear un almacenamiento potente, \u00e1gil y seguro para entornos de nube privados. &nbsp; &nbsp; Storage Flash on-premise: simplifique su storage flash con la familia IBM FlashSystem, DS8900F y las soluciones Elastic Storage System, brindando gran performance, funciones y disponibilidad de clase empresarial y facilidad de uso<\/p>\n","protected":false},"author":2,"featured_media":0,"parent":0,"menu_order":0,"comment_status":"closed","ping_status":"closed","template":"","meta":{"_acf_changed":false,"inline_featured_image":false,"footnotes":""},"class_list":["post-2083","page","type-page","status-publish","hentry"],"acf":[],"_links":{"self":[{"href":"http:\/\/web.digitalexpansion.com.ar\/index.php?rest_route=\/wp\/v2\/pages\/2083","targetHints":{"allow":["GET"]}}],"collection":[{"href":"http:\/\/web.digitalexpansion.com.ar\/index.php?rest_route=\/wp\/v2\/pages"}],"about":[{"href":"http:\/\/web.digitalexpansion.com.ar\/index.php?rest_route=\/wp\/v2\/types\/page"}],"author":[{"embeddable":true,"href":"http:\/\/web.digitalexpansion.com.ar\/index.php?rest_route=\/wp\/v2\/users\/2"}],"replies":[{"embeddable":true,"href":"http:\/\/web.digitalexpansion.com.ar\/index.php?rest_route=%2Fwp%2Fv2%2Fcomments&post=2083"}],"version-history":[{"count":1,"href":"http:\/\/web.digitalexpansion.com.ar\/index.php?rest_route=\/wp\/v2\/pages\/2083\/revisions"}],"predecessor-version":[{"id":2086,"href":"http:\/\/web.digitalexpansion.com.ar\/index.php?rest_route=\/wp\/v2\/pages\/2083\/revisions\/2086"}],"wp:attachment":[{"href":"http:\/\/web.digitalexpansion.com.ar\/index.php?rest_route=%2Fwp%2Fv2%2Fmedia&parent=2083"}],"curies":[{"name":"wp","href":"https:\/\/api.w.org\/{rel}","templated":true}]}}