{"id":2087,"date":"2022-04-28T19:15:46","date_gmt":"2022-04-28T19:15:46","guid":{"rendered":"http:\/\/web.digitalexpansion.com.ar\/?page_id=2087"},"modified":"2022-04-28T19:15:46","modified_gmt":"2022-04-28T19:15:46","slug":"virtualizacion-de-almacenamiento","status":"publish","type":"page","link":"http:\/\/web.digitalexpansion.com.ar\/?page_id=2087","title":{"rendered":"Virtualizacion de almacenamiento"},"content":{"rendered":"<h3 style=\"text-align: center;\"><strong>La virtualizaci\u00f3n de almacenamiento le permite centralizar su gesti\u00f3n para unificar entornos mixtos y descubrir capacidades de su almacenamiento que no conoc\u00eda antes.<\/strong><\/h3>\n<p>&nbsp;<\/p>\n<hr \/>\n<p>&nbsp;<\/p>\n<p><strong><span style=\"color: #3366ff;\">Almacenamiento SAN virtualizado<\/span> <\/strong>con IBM Spectrum Virtualize for Public Cloud.<\/p>\n<p>&nbsp;<\/p>\n<hr \/>\n<p>&nbsp;<\/p>\n<p><span style=\"color: #3366ff;\"><strong>Almacenamiento All-flash virtualizado<\/strong> <\/span>con la familia de productos IBM FlashSystem que le ofrecen alto rendimiento, funci\u00f3n y disponibilidad de nivel empresarial, y facilidad de uso gracias a la inteligencia artificial: todo ello se extiende al almacenamiento heterog\u00e9neo y la nube a trav\u00e9s de IBM Spectrum Virtualize.<\/p>\n","protected":false},"excerpt":{"rendered":"<p>La virtualizaci\u00f3n de almacenamiento le permite centralizar su gesti\u00f3n para unificar entornos mixtos y descubrir capacidades de su almacenamiento que no conoc\u00eda antes. &nbsp; &nbsp; Almacenamiento SAN virtualizado con IBM Spectrum Virtualize for Public Cloud. &nbsp; &nbsp; Almacenamiento All-flash virtualizado con la familia de productos IBM FlashSystem que le ofrecen alto rendimiento, funci\u00f3n y disponibilidad<\/p>\n","protected":false},"author":2,"featured_media":0,"parent":0,"menu_order":0,"comment_status":"closed","ping_status":"closed","template":"","meta":{"_acf_changed":false,"inline_featured_image":false,"footnotes":""},"class_list":["post-2087","page","type-page","status-publish","hentry"],"acf":[],"_links":{"self":[{"href":"http:\/\/web.digitalexpansion.com.ar\/index.php?rest_route=\/wp\/v2\/pages\/2087","targetHints":{"allow":["GET"]}}],"collection":[{"href":"http:\/\/web.digitalexpansion.com.ar\/index.php?rest_route=\/wp\/v2\/pages"}],"about":[{"href":"http:\/\/web.digitalexpansion.com.ar\/index.php?rest_route=\/wp\/v2\/types\/page"}],"author":[{"embeddable":true,"href":"http:\/\/web.digitalexpansion.com.ar\/index.php?rest_route=\/wp\/v2\/users\/2"}],"replies":[{"embeddable":true,"href":"http:\/\/web.digitalexpansion.com.ar\/index.php?rest_route=%2Fwp%2Fv2%2Fcomments&post=2087"}],"version-history":[{"count":1,"href":"http:\/\/web.digitalexpansion.com.ar\/index.php?rest_route=\/wp\/v2\/pages\/2087\/revisions"}],"predecessor-version":[{"id":2090,"href":"http:\/\/web.digitalexpansion.com.ar\/index.php?rest_route=\/wp\/v2\/pages\/2087\/revisions\/2090"}],"wp:attachment":[{"href":"http:\/\/web.digitalexpansion.com.ar\/index.php?rest_route=%2Fwp%2Fv2%2Fmedia&parent=2087"}],"curies":[{"name":"wp","href":"https:\/\/api.w.org\/{rel}","templated":true}]}}