{"id":2091,"date":"2022-04-28T19:17:25","date_gmt":"2022-04-28T19:17:25","guid":{"rendered":"http:\/\/web.digitalexpansion.com.ar\/?page_id=2091"},"modified":"2022-04-28T19:17:25","modified_gmt":"2022-04-28T19:17:25","slug":"almacenamiento-para-ia-y-big-data","status":"publish","type":"page","link":"http:\/\/web.digitalexpansion.com.ar\/?page_id=2091","title":{"rendered":"Almacenamiento para IA y big data"},"content":{"rendered":"<h3 style=\"text-align: center;\"><strong>El almacenamiento de datos y la inteligencia artificial simplifican su infraestructura con una eficiencia optimizada, a fin de obtener resultados m\u00e1s r\u00e1pidos que pueden ser escalables de forma masiva y est\u00e9n disponibles de manera global.<\/strong><\/h3>\n<p>&nbsp;<\/p>\n<hr \/>\n<p>&nbsp;<\/p>\n<p><span style=\"color: #3366ff;\"><strong>Explore el almacenamiento para IA y big data <\/strong><\/span>con componentes b\u00e1sicos escalables para soluciones de almacenamiento de IA y nube h\u00edbrida de IBM Spectrum Scale de alto rendimiento.<\/p>\n<p>&nbsp;<\/p>\n<hr \/>\n<p>&nbsp;<\/p>\n<p><span style=\"color: #3366ff;\"><strong>Almacenamiento para IA y NVIDIA <\/strong><\/span>con un acceso m\u00e1s r\u00e1pido a m\u00e1s datos y resultados comerciales con una plataforma de datos global de alto rendimiento, que conecta m\u00faltiples fuentes de datos con m\u00faltiples interfaces de datos.<\/p>\n<p>&nbsp;<\/p>\n<hr \/>\n<p>&nbsp;<\/p>\n<p><strong><span style=\"color: #3366ff;\">Soluciones de almacenamiento nativas de contenedores<\/span> <\/strong>\u00a0con IBM Spectrum Fusion HCI\u00a0.<\/p>\n<p>&nbsp;<\/p>\n<hr \/>\n<p>&nbsp;<\/p>\n<p><strong><span style=\"color: #3366ff;\">IBM Spectrum Scale for Cloudera<\/span> <\/strong>permite escalar su an\u00e1lisis de big data y acceder a m\u00e1s datos para obtener resultados m\u00e1s r\u00e1pidos con una plataforma de datos global con capacidades empresariales.<\/p>\n<p>&nbsp;<\/p>\n<hr \/>\n<p>&nbsp;<\/p>\n<p><span style=\"color: #3366ff;\"><strong>IBM Cloud Object Storage for Splunk <\/strong><\/span>reduce los costos y minimiza la cantidad de datos en el almacenamiento local mientras mantiene capacidades r\u00e1pidas de indexaci\u00f3n y b\u00fasqueda mediante la optimizaci\u00f3n de una implementaci\u00f3n de Splunk existente utilizando IBM Cloud Object Storage for Splunk (SmartStore).<\/p>\n","protected":false},"excerpt":{"rendered":"<p>El almacenamiento de datos y la inteligencia artificial simplifican su infraestructura con una eficiencia optimizada, a fin de obtener resultados m\u00e1s r\u00e1pidos que pueden ser escalables de forma masiva y est\u00e9n disponibles de manera global. &nbsp; &nbsp; Explore el almacenamiento para IA y big data con componentes b\u00e1sicos escalables para soluciones de almacenamiento de IA<\/p>\n","protected":false},"author":2,"featured_media":0,"parent":0,"menu_order":0,"comment_status":"closed","ping_status":"closed","template":"","meta":{"_acf_changed":false,"inline_featured_image":false,"footnotes":""},"class_list":["post-2091","page","type-page","status-publish","hentry"],"acf":[],"_links":{"self":[{"href":"http:\/\/web.digitalexpansion.com.ar\/index.php?rest_route=\/wp\/v2\/pages\/2091","targetHints":{"allow":["GET"]}}],"collection":[{"href":"http:\/\/web.digitalexpansion.com.ar\/index.php?rest_route=\/wp\/v2\/pages"}],"about":[{"href":"http:\/\/web.digitalexpansion.com.ar\/index.php?rest_route=\/wp\/v2\/types\/page"}],"author":[{"embeddable":true,"href":"http:\/\/web.digitalexpansion.com.ar\/index.php?rest_route=\/wp\/v2\/users\/2"}],"replies":[{"embeddable":true,"href":"http:\/\/web.digitalexpansion.com.ar\/index.php?rest_route=%2Fwp%2Fv2%2Fcomments&post=2091"}],"version-history":[{"count":1,"href":"http:\/\/web.digitalexpansion.com.ar\/index.php?rest_route=\/wp\/v2\/pages\/2091\/revisions"}],"predecessor-version":[{"id":2094,"href":"http:\/\/web.digitalexpansion.com.ar\/index.php?rest_route=\/wp\/v2\/pages\/2091\/revisions\/2094"}],"wp:attachment":[{"href":"http:\/\/web.digitalexpansion.com.ar\/index.php?rest_route=%2Fwp%2Fv2%2Fmedia&parent=2091"}],"curies":[{"name":"wp","href":"https:\/\/api.w.org\/{rel}","templated":true}]}}